{"id":95,"date":"2023-05-23T23:38:25","date_gmt":"2023-05-23T21:38:25","guid":{"rendered":"http:\/\/bretzelandfun.com\/?page_id=95"},"modified":"2026-04-13T22:22:22","modified_gmt":"2026-04-13T20:22:22","slug":"la-neustadt-et-son-histoire","status":"publish","type":"page","link":"https:\/\/bretzelandfun.com\/index.php\/la-neustadt-et-son-histoire\/","title":{"rendered":"STRASBOURG &#8211; NEUSTADT"},"content":{"rendered":"\t\t<div data-elementor-type=\"wp-page\" data-elementor-id=\"95\" class=\"elementor elementor-95\">\n\t\t\t\t\t\t\t\t\t<section class=\"elementor-section elementor-top-section elementor-element elementor-element-4c3a0ca elementor-section-boxed elementor-section-height-default elementor-section-height-default\" data-id=\"4c3a0ca\" data-element_type=\"section\" data-settings=\"{&quot;background_background&quot;:&quot;classic&quot;}\">\n\t\t\t\t\t\t<div class=\"elementor-container elementor-column-gap-default\">\n\t\t\t\t\t<div class=\"elementor-column elementor-col-50 elementor-top-column elementor-element elementor-element-9cdd2f8\" data-id=\"9cdd2f8\" data-element_type=\"column\" data-settings=\"{&quot;background_background&quot;:&quot;classic&quot;}\">\n\t\t\t<div class=\"elementor-widget-wrap elementor-element-populated\">\n\t\t\t\t\t\t\t\t<div class=\"elementor-element elementor-element-50fa63a elementor-widget elementor-widget-button\" data-id=\"50fa63a\" data-element_type=\"widget\" data-widget_type=\"button.default\">\n\t\t\t\t<div class=\"elementor-widget-container\">\n\t\t\t\t\t<div class=\"elementor-button-wrapper\">\n\t\t\t<a href=\"https:\/\/bretzelandfun.com\/index.php\/visites-guidees-alsace-strasbourg\/\" class=\"elementor-button-link elementor-button elementor-size-sm\" role=\"button\">\n\t\t\t\t\t\t<span class=\"elementor-button-content-wrapper\">\n\t\t\t\t\t\t<span class=\"elementor-button-text\">Retour aux exp\u00e9riences<\/span>\n\t\t<\/span>\n\t\t\t\t\t<\/a>\n\t\t<\/div>\n\t\t\t\t<\/div>\n\t\t\t\t<\/div>\n\t\t\t\t<div class=\"elementor-element elementor-element-4d91941 elementor-widget elementor-widget-heading\" data-id=\"4d91941\" data-element_type=\"widget\" data-widget_type=\"heading.default\">\n\t\t\t\t<div class=\"elementor-widget-container\">\n\t\t\t<style>\/*! elementor - v3.13.3 - 22-05-2023 *\/\n.elementor-heading-title{padding:0;margin:0;line-height:1}.elementor-widget-heading .elementor-heading-title[class*=elementor-size-]>a{color:inherit;font-size:inherit;line-height:inherit}.elementor-widget-heading .elementor-heading-title.elementor-size-small{font-size:15px}.elementor-widget-heading .elementor-heading-title.elementor-size-medium{font-size:19px}.elementor-widget-heading .elementor-heading-title.elementor-size-large{font-size:29px}.elementor-widget-heading .elementor-heading-title.elementor-size-xl{font-size:39px}.elementor-widget-heading .elementor-heading-title.elementor-size-xxl{font-size:59px}<\/style><h1 class=\"elementor-heading-title elementor-size-xl\">Voyage dans le temps \u00e0 la Neustadt<\/h1>\t\t<\/div>\n\t\t\t\t<\/div>\n\t\t\t\t<div class=\"elementor-element elementor-element-a470412 elementor-widget elementor-widget-heading\" data-id=\"a470412\" data-element_type=\"widget\" data-widget_type=\"heading.default\">\n\t\t\t\t<div class=\"elementor-widget-container\">\n\t\t\t<h2 class=\"elementor-heading-title elementor-size-large\">Architecture monumentale \u00e0 Strasbourg<\/h2>\t\t<\/div>\n\t\t\t\t<\/div>\n\t\t\t\t<div class=\"elementor-element elementor-element-65374ff elementor-widget__width-initial elementor-widget elementor-widget-text-editor\" data-id=\"65374ff\" data-element_type=\"widget\" data-widget_type=\"text-editor.default\">\n\t\t\t\t<div class=\"elementor-widget-container\">\n\t\t\t<style>\/*! elementor - v3.13.3 - 22-05-2023 *\/\n.elementor-widget-text-editor.elementor-drop-cap-view-stacked .elementor-drop-cap{background-color:#69727d;color:#fff}.elementor-widget-text-editor.elementor-drop-cap-view-framed .elementor-drop-cap{color:#69727d;border:3px solid;background-color:transparent}.elementor-widget-text-editor:not(.elementor-drop-cap-view-default) .elementor-drop-cap{margin-top:8px}.elementor-widget-text-editor:not(.elementor-drop-cap-view-default) .elementor-drop-cap-letter{width:1em;height:1em}.elementor-widget-text-editor .elementor-drop-cap{float:left;text-align:center;line-height:1;font-size:50px}.elementor-widget-text-editor .elementor-drop-cap-letter{display:inline-block}<\/style>\t\t\t\t<p style=\"margin: 0cm 0cm 12pt; text-align: justify; background-image: initial; background-position: initial; background-size: initial; background-repeat: initial; background-attachment: initial; background-origin: initial; background-clip: initial;\"><span style=\"font-size: 13.5pt; font-family: Raleway; color: black; letter-spacing: -.2pt;\">Explorez la Neustadt \u00e0 Strasbourg (nouvelle ville en allemand).<\/span><\/p><p style=\"margin: 0cm 0cm 12pt; text-align: justify; background-image: initial; background-position: initial; background-size: initial; background-repeat: initial; background-attachment: initial; background-origin: initial; background-clip: initial;\"><span style=\"font-size: 13.5pt; font-family: Raleway; color: black; letter-spacing: -.2pt;\">La Neustadt est un grand projet d\u2019extension de la ville de Strasbourg par les allemands lors de la premi\u00e8re occupation de l\u2019Alsace au terme de la guerre franco-prussienne.<\/span><\/p><p style=\"margin: 0cm 0cm 12pt; text-align: justify; background-image: initial; background-position: initial; background-size: initial; background-repeat: initial; background-attachment: initial; background-origin: initial; background-clip: initial;\"><span style=\"font-size: 13.5pt; font-family: Raleway; color: black; letter-spacing: -.2pt;\">Strasbourg a une histoire tourment\u00e9e. Apr\u00e8s la guerre franco-prussienne, l&#8217;Alsace est prise par le nouvel empire Allemand \u00e0 la France. Elle restera allemande pendant 47 ann\u00e9es cons\u00e9cutives jusqu&#8217;\u00e0 la fin de la premi\u00e8re guerre mondiale o\u00f9 elle redeviendra fran\u00e7aise. 47 ans, \u00e7a laisse le temps de laisser son empreinte dans une ville si symbolique.<\/span><\/p><p style=\"margin: 0cm 0cm 12pt; text-align: justify; background-image: initial; background-position: initial; background-size: initial; background-repeat: initial; background-attachment: initial; background-origin: initial; background-clip: initial;\"><span style=\"font-size: 13.5pt; font-family: Raleway; color: black; letter-spacing: -.2pt;\">Vous allez d\u00e9couvrir les belles fa\u00e7ades monumentales des immeubles (avec quelques p\u00e9pites cach\u00e9es) ainsi que les b\u00e2timents importants comme le <strong>Palais du Rhin<\/strong>, <strong>l&#8217;Universit\u00e9 <\/strong>ou encore<strong> l&#8217;H\u00f4tel des Postes<\/strong> (visites ext\u00e9rieures).\u00a0<\/span><\/p><p style=\"margin: 0cm 0cm 12pt; text-align: justify; background-image: initial; background-position: initial; background-size: initial; background-repeat: initial; background-attachment: initial; background-origin: initial; background-clip: initial;\"><span style=\"font-size: 13.5pt; font-family: Raleway; color: black; letter-spacing: -.2pt;\">Nous parlerons de la (des) guerre(s) et de leur impact sur la ville mais nous ferons \u00e9galement le lien avec la Neustadt d&#8217;aujourd&#8217;hui. Calme, proche du centre-ville avec toutes les commodit\u00e9s, de l&#8217;espace et des parcs, le quartier est devenu l&#8217;un des plus pris\u00e9s de Strasbourg<\/span><\/p><p style=\"margin: 0cm 0cm 12pt; text-align: justify; background-image: initial; background-position: initial; background-size: initial; background-repeat: initial; background-attachment: initial; background-origin: initial; background-clip: initial;\"><span style=\"font-size: 13.5pt; font-family: Raleway; color: black; letter-spacing: -.2pt;\">Dur\u00e9e : 1h30.<\/span><\/p><p style=\"margin: 0cm 0cm 12pt; text-align: justify; background-image: initial; background-position: initial; background-size: initial; background-repeat: initial; background-attachment: initial; background-origin: initial; background-clip: initial;\"><span style=\"font-size: 13.5pt; font-family: Raleway; color: black; letter-spacing: -.2pt;\">Tarif :<b> 30\u20ac TTC\/personne<\/b>.\u00a0<\/span><span style=\"color: black; font-family: Raleway; font-size: 13.5pt; letter-spacing: -0.2pt; font-weight: var( --e-global-typography-text-font-weight );\">Groupe de 1 \u00e0 6 personnes.<\/span><\/p><p style=\"margin: 0cm 0cm 12pt; text-align: justify; background-image: initial; background-position: initial; background-size: initial; background-repeat: initial; background-attachment: initial; background-origin: initial; background-clip: initial;\"><span style=\"color: #000000; font-family: Raleway, sans-serif; font-size: 1.8rem; letter-spacing: -0.27px; background-color: rgba(255, 255, 255, 0.88);\"><span style=\"font-weight: bold;\">Vous pouvez r\u00e9server cette visite en me contactant<\/span><\/span><span style=\"font-weight: bold; color: #000000; font-family: Raleway, sans-serif; letter-spacing: -0.27px; background-color: rgba(255, 255, 255, 0.88);\">\u00a0par\u00a0<a style=\"transition-property: all;\" href=\"https:\/\/wa.me\/33777918865\">Whatsapp<\/a>\u00a0ou en m&#8217;envoyant une requ\u00eate\u00a0<a style=\"transition-property: all;\" href=\"mailto:contact@bretzelandfun.com\">ici<\/a>. Pr\u00e9cisez bien la date et le nombre de visiteurs afin que je puisse vous r\u00e9pondre au plus vite (g\u00e9n\u00e9ralement r\u00e9ponse dans l&#8217;heure).<\/span><\/p>\t\t\t\t\t\t<\/div>\n\t\t\t\t<\/div>\n\t\t\t\t<div class=\"elementor-element elementor-element-e74ba0e elementor-widget elementor-widget-heading\" data-id=\"e74ba0e\" data-element_type=\"widget\" data-widget_type=\"heading.default\">\n\t\t\t\t<div class=\"elementor-widget-container\">\n\t\t\t<h3 class=\"elementor-heading-title elementor-size-default\">Envoyez votre demande en cliquant ci-dessous :\u200b<\/h3>\t\t<\/div>\n\t\t\t\t<\/div>\n\t\t\t\t<div class=\"elementor-element elementor-element-b8ac9dc elementor-shape-circle e-grid-align-left elementor-grid-0 elementor-widget elementor-widget-social-icons\" data-id=\"b8ac9dc\" data-element_type=\"widget\" data-widget_type=\"social-icons.default\">\n\t\t\t\t<div class=\"elementor-widget-container\">\n\t\t\t<style>\/*! elementor - v3.13.3 - 22-05-2023 *\/\n.elementor-widget-social-icons.elementor-grid-0 .elementor-widget-container,.elementor-widget-social-icons.elementor-grid-mobile-0 .elementor-widget-container,.elementor-widget-social-icons.elementor-grid-tablet-0 .elementor-widget-container{line-height:1;font-size:0}.elementor-widget-social-icons:not(.elementor-grid-0):not(.elementor-grid-tablet-0):not(.elementor-grid-mobile-0) .elementor-grid{display:inline-grid}.elementor-widget-social-icons .elementor-grid{grid-column-gap:var(--grid-column-gap,5px);grid-row-gap:var(--grid-row-gap,5px);grid-template-columns:var(--grid-template-columns);justify-content:var(--justify-content,center);justify-items:var(--justify-content,center)}.elementor-icon.elementor-social-icon{font-size:var(--icon-size,25px);line-height:var(--icon-size,25px);width:calc(var(--icon-size, 25px) + (2 * var(--icon-padding, .5em)));height:calc(var(--icon-size, 25px) + (2 * var(--icon-padding, .5em)))}.elementor-social-icon{--e-social-icon-icon-color:#fff;display:inline-flex;background-color:#69727d;align-items:center;justify-content:center;text-align:center;cursor:pointer}.elementor-social-icon i{color:var(--e-social-icon-icon-color)}.elementor-social-icon svg{fill:var(--e-social-icon-icon-color)}.elementor-social-icon:last-child{margin:0}.elementor-social-icon:hover{opacity:.9;color:#fff}.elementor-social-icon-android{background-color:#a4c639}.elementor-social-icon-apple{background-color:#999}.elementor-social-icon-behance{background-color:#1769ff}.elementor-social-icon-bitbucket{background-color:#205081}.elementor-social-icon-codepen{background-color:#000}.elementor-social-icon-delicious{background-color:#39f}.elementor-social-icon-deviantart{background-color:#05cc47}.elementor-social-icon-digg{background-color:#005be2}.elementor-social-icon-dribbble{background-color:#ea4c89}.elementor-social-icon-elementor{background-color:#d30c5c}.elementor-social-icon-envelope{background-color:#ea4335}.elementor-social-icon-facebook,.elementor-social-icon-facebook-f{background-color:#3b5998}.elementor-social-icon-flickr{background-color:#0063dc}.elementor-social-icon-foursquare{background-color:#2d5be3}.elementor-social-icon-free-code-camp,.elementor-social-icon-freecodecamp{background-color:#006400}.elementor-social-icon-github{background-color:#333}.elementor-social-icon-gitlab{background-color:#e24329}.elementor-social-icon-globe{background-color:#69727d}.elementor-social-icon-google-plus,.elementor-social-icon-google-plus-g{background-color:#dd4b39}.elementor-social-icon-houzz{background-color:#7ac142}.elementor-social-icon-instagram{background-color:#262626}.elementor-social-icon-jsfiddle{background-color:#487aa2}.elementor-social-icon-link{background-color:#818a91}.elementor-social-icon-linkedin,.elementor-social-icon-linkedin-in{background-color:#0077b5}.elementor-social-icon-medium{background-color:#00ab6b}.elementor-social-icon-meetup{background-color:#ec1c40}.elementor-social-icon-mixcloud{background-color:#273a4b}.elementor-social-icon-odnoklassniki{background-color:#f4731c}.elementor-social-icon-pinterest{background-color:#bd081c}.elementor-social-icon-product-hunt{background-color:#da552f}.elementor-social-icon-reddit{background-color:#ff4500}.elementor-social-icon-rss{background-color:#f26522}.elementor-social-icon-shopping-cart{background-color:#4caf50}.elementor-social-icon-skype{background-color:#00aff0}.elementor-social-icon-slideshare{background-color:#0077b5}.elementor-social-icon-snapchat{background-color:#fffc00}.elementor-social-icon-soundcloud{background-color:#f80}.elementor-social-icon-spotify{background-color:#2ebd59}.elementor-social-icon-stack-overflow{background-color:#fe7a15}.elementor-social-icon-steam{background-color:#00adee}.elementor-social-icon-stumbleupon{background-color:#eb4924}.elementor-social-icon-telegram{background-color:#2ca5e0}.elementor-social-icon-thumb-tack{background-color:#1aa1d8}.elementor-social-icon-tripadvisor{background-color:#589442}.elementor-social-icon-tumblr{background-color:#35465c}.elementor-social-icon-twitch{background-color:#6441a5}.elementor-social-icon-twitter{background-color:#1da1f2}.elementor-social-icon-viber{background-color:#665cac}.elementor-social-icon-vimeo{background-color:#1ab7ea}.elementor-social-icon-vk{background-color:#45668e}.elementor-social-icon-weibo{background-color:#dd2430}.elementor-social-icon-weixin{background-color:#31a918}.elementor-social-icon-whatsapp{background-color:#25d366}.elementor-social-icon-wordpress{background-color:#21759b}.elementor-social-icon-xing{background-color:#026466}.elementor-social-icon-yelp{background-color:#af0606}.elementor-social-icon-youtube{background-color:#cd201f}.elementor-social-icon-500px{background-color:#0099e5}.elementor-shape-rounded .elementor-icon.elementor-social-icon{border-radius:10%}.elementor-shape-circle .elementor-icon.elementor-social-icon{border-radius:50%}<\/style>\t\t<div class=\"elementor-social-icons-wrapper elementor-grid\">\n\t\t\t\t\t\t\t<span class=\"elementor-grid-item\">\n\t\t\t\t\t<a class=\"elementor-icon elementor-social-icon elementor-social-icon-whatsapp elementor-repeater-item-55b123a\" href=\"https:\/\/wa.me\/33777918865\" target=\"_blank\">\n\t\t\t\t\t\t<span class=\"elementor-screen-only\">Whatsapp<\/span>\n\t\t\t\t\t\t<i class=\"fab fa-whatsapp\"><\/i>\t\t\t\t\t<\/a>\n\t\t\t\t<\/span>\n\t\t\t\t\t\t\t<span class=\"elementor-grid-item\">\n\t\t\t\t\t<a class=\"elementor-icon elementor-social-icon elementor-social-icon-envelope elementor-repeater-item-936f112\" href=\"mailto:contact@bretzelandfun.com\" target=\"_blank\">\n\t\t\t\t\t\t<span class=\"elementor-screen-only\">Envelope<\/span>\n\t\t\t\t\t\t<i class=\"fas fa-envelope\"><\/i>\t\t\t\t\t<\/a>\n\t\t\t\t<\/span>\n\t\t\t\t\t<\/div>\n\t\t\t\t<\/div>\n\t\t\t\t<\/div>\n\t\t\t\t\t<\/div>\n\t\t<\/div>\n\t\t\t\t<div class=\"elementor-column elementor-col-50 elementor-top-column elementor-element elementor-element-2cddc8a\" data-id=\"2cddc8a\" data-element_type=\"column\">\n\t\t\t<div class=\"elementor-widget-wrap elementor-element-populated\">\n\t\t\t\t\t\t\t\t<div class=\"elementor-element elementor-element-e7dbb88 elementor-widget elementor-widget-video\" data-id=\"e7dbb88\" data-element_type=\"widget\" data-settings=\"{&quot;video_type&quot;:&quot;vimeo&quot;,&quot;autoplay&quot;:&quot;yes&quot;,&quot;loop&quot;:&quot;yes&quot;,&quot;yt_privacy&quot;:&quot;yes&quot;}\" data-widget_type=\"video.default\">\n\t\t\t\t<div class=\"elementor-widget-container\">\n\t\t\t<style>\/*! elementor - v3.13.3 - 22-05-2023 *\/\n.elementor-widget-video .elementor-widget-container{overflow:hidden;transform:translateZ(0)}.elementor-widget-video .elementor-wrapper{aspect-ratio:var(--video-aspect-ratio)}.elementor-widget-video .elementor-wrapper iframe,.elementor-widget-video .elementor-wrapper video{height:100%;width:100%;display:flex;border:none;background-color:#000}@supports not (aspect-ratio:1\/1){.elementor-widget-video .elementor-wrapper{position:relative;overflow:hidden;height:0;padding-bottom:calc(100% \/ var(--video-aspect-ratio))}.elementor-widget-video .elementor-wrapper iframe,.elementor-widget-video .elementor-wrapper video{position:absolute;top:0;right:0;bottom:0;left:0}}.elementor-widget-video .elementor-open-inline .elementor-custom-embed-image-overlay{position:absolute;top:0;left:0;width:100%;height:100%;background-size:cover;background-position:50%}.elementor-widget-video .elementor-custom-embed-image-overlay{cursor:pointer;text-align:center}.elementor-widget-video .elementor-custom-embed-image-overlay:hover .elementor-custom-embed-play i{opacity:1}.elementor-widget-video .elementor-custom-embed-image-overlay img{display:block;width:100%}.elementor-widget-video .e-hosted-video .elementor-video{-o-object-fit:cover;object-fit:cover}.e-con-inner>.elementor-widget-video,.e-con>.elementor-widget-video{width:var(--container-widget-width);--flex-grow:var(--container-widget-flex-grow)}<\/style>\t\t<div class=\"elementor-wrapper elementor-open-inline\">\n\t\t\t<iframe class=\"elementor-video-iframe\" allowfullscreen title=\"vimeo Video Player\" src=\"https:\/\/player.vimeo.com\/video\/1178226841?autoplay=1&amp;color&amp;autopause=0&amp;dnt=true&amp;loop=1&amp;muted=0&amp;title=1&amp;portrait=1&amp;byline=1#t=\"><\/iframe>\t\t<\/div>\n\t\t\t\t<\/div>\n\t\t\t\t<\/div>\n\t\t\t\t\t<\/div>\n\t\t<\/div>\n\t\t\t\t\t\t\t<\/div>\n\t\t<\/section>\n\t\t\t\t\t\t\t<\/div>\n\t\t","protected":false},"excerpt":{"rendered":"<p>Retour aux exp\u00e9riences Voyage dans le temps \u00e0 la Neustadt Architecture monumentale \u00e0 Strasbourg Explorez la Neustadt \u00e0 Strasbourg (nouvelle ville en allemand). La Neustadt est un grand projet d\u2019extension de la ville de Strasbourg par les allemands lors de la premi\u00e8re occupation de l\u2019Alsace au terme de la guerre franco-prussienne. Strasbourg a une histoire [&hellip;]<\/p>\n","protected":false},"author":1,"featured_media":0,"parent":0,"menu_order":0,"comment_status":"closed","ping_status":"closed","template":"elementor_header_footer","meta":{"_monsterinsights_skip_tracking":false,"_monsterinsights_sitenote_active":false,"_monsterinsights_sitenote_note":"","_monsterinsights_sitenote_category":0,"footnotes":""},"class_list":["post-95","page","type-page","status-publish","hentry"],"yoast_head":"<!-- This site is optimized with the Yoast SEO plugin v20.8 - https:\/\/yoast.com\/wordpress\/plugins\/seo\/ -->\n<title>Neustadt Strasbourg - Voyage dans le temps ! Bretzel&amp;Fun<\/title>\n<meta name=\"description\" content=\"Visitez le quartier de la Neustadt \u00e0 Strasbourg. Lors de cette promenade de 2 heures, vous en apprendrez davantage sur ce quartier unique.\" \/>\n<meta name=\"robots\" content=\"index, follow, max-snippet:-1, max-image-preview:large, max-video-preview:-1\" \/>\n<link rel=\"canonical\" href=\"https:\/\/bretzelandfun.com\/index.php\/la-neustadt-et-son-histoire\/\" \/>\n<meta property=\"og:locale\" content=\"en_US\" \/>\n<meta property=\"og:type\" content=\"article\" \/>\n<meta property=\"og:title\" content=\"Neustadt Strasbourg - Voyage dans le temps ! Bretzel&amp;Fun\" \/>\n<meta property=\"og:description\" content=\"Visitez le quartier de la Neustadt \u00e0 Strasbourg. Lors de cette promenade de 2 heures, vous en apprendrez davantage sur ce quartier unique.\" \/>\n<meta property=\"og:url\" content=\"https:\/\/bretzelandfun.com\/index.php\/la-neustadt-et-son-histoire\/\" \/>\n<meta property=\"og:site_name\" content=\"bretzelandfun\" \/>\n<meta property=\"article:modified_time\" content=\"2026-04-13T20:22:22+00:00\" \/>\n<meta name=\"twitter:card\" content=\"summary_large_image\" \/>\n<meta name=\"twitter:label1\" content=\"Est. reading time\" \/>\n\t<meta name=\"twitter:data1\" content=\"2 minutes\" \/>\n<script type=\"application\/ld+json\" class=\"yoast-schema-graph\">{\"@context\":\"https:\/\/schema.org\",\"@graph\":[{\"@type\":\"WebPage\",\"@id\":\"https:\/\/bretzelandfun.com\/index.php\/la-neustadt-et-son-histoire\/\",\"url\":\"https:\/\/bretzelandfun.com\/index.php\/la-neustadt-et-son-histoire\/\",\"name\":\"Neustadt Strasbourg - Voyage dans le temps ! Bretzel&Fun\",\"isPartOf\":{\"@id\":\"https:\/\/bretzelandfun.com\/#website\"},\"datePublished\":\"2023-05-23T21:38:25+00:00\",\"dateModified\":\"2026-04-13T20:22:22+00:00\",\"description\":\"Visitez le quartier de la Neustadt \u00e0 Strasbourg. Lors de cette promenade de 2 heures, vous en apprendrez davantage sur ce quartier unique.\",\"breadcrumb\":{\"@id\":\"https:\/\/bretzelandfun.com\/index.php\/la-neustadt-et-son-histoire\/#breadcrumb\"},\"inLanguage\":\"en-US\",\"potentialAction\":[{\"@type\":\"ReadAction\",\"target\":[\"https:\/\/bretzelandfun.com\/index.php\/la-neustadt-et-son-histoire\/\"]}]},{\"@type\":\"BreadcrumbList\",\"@id\":\"https:\/\/bretzelandfun.com\/index.php\/la-neustadt-et-son-histoire\/#breadcrumb\",\"itemListElement\":[{\"@type\":\"ListItem\",\"position\":1,\"name\":\"Accueil\",\"item\":\"https:\/\/bretzelandfun.com\/\"},{\"@type\":\"ListItem\",\"position\":2,\"name\":\"STRASBOURG &#8211; NEUSTADT\"}]},{\"@type\":\"WebSite\",\"@id\":\"https:\/\/bretzelandfun.com\/#website\",\"url\":\"https:\/\/bretzelandfun.com\/\",\"name\":\"bretzelandfun\",\"description\":\"Bretzel and Fun \/ Walking tours en Alsace !\",\"publisher\":{\"@id\":\"https:\/\/bretzelandfun.com\/#organization\"},\"potentialAction\":[{\"@type\":\"SearchAction\",\"target\":{\"@type\":\"EntryPoint\",\"urlTemplate\":\"https:\/\/bretzelandfun.com\/?s={search_term_string}\"},\"query-input\":\"required name=search_term_string\"}],\"inLanguage\":\"en-US\"},{\"@type\":\"Organization\",\"@id\":\"https:\/\/bretzelandfun.com\/#organization\",\"name\":\"bretzelandfun\",\"url\":\"https:\/\/bretzelandfun.com\/\",\"logo\":{\"@type\":\"ImageObject\",\"inLanguage\":\"en-US\",\"@id\":\"https:\/\/bretzelandfun.com\/#\/schema\/logo\/image\/\",\"url\":\"https:\/\/bretzelandfun.com\/wp-content\/uploads\/2023\/05\/BRETZELFUN-WALKING-TOURS.png\",\"contentUrl\":\"https:\/\/bretzelandfun.com\/wp-content\/uploads\/2023\/05\/BRETZELFUN-WALKING-TOURS.png\",\"width\":500,\"height\":200,\"caption\":\"bretzelandfun\"},\"image\":{\"@id\":\"https:\/\/bretzelandfun.com\/#\/schema\/logo\/image\/\"}}]}<\/script>\n<!-- \/ Yoast SEO plugin. -->","yoast_head_json":{"title":"Neustadt Strasbourg - Voyage dans le temps ! Bretzel&Fun","description":"Visitez le quartier de la Neustadt \u00e0 Strasbourg. Lors de cette promenade de 2 heures, vous en apprendrez davantage sur ce quartier unique.","robots":{"index":"index","follow":"follow","max-snippet":"max-snippet:-1","max-image-preview":"max-image-preview:large","max-video-preview":"max-video-preview:-1"},"canonical":"https:\/\/bretzelandfun.com\/index.php\/la-neustadt-et-son-histoire\/","og_locale":"en_US","og_type":"article","og_title":"Neustadt Strasbourg - Voyage dans le temps ! Bretzel&Fun","og_description":"Visitez le quartier de la Neustadt \u00e0 Strasbourg. Lors de cette promenade de 2 heures, vous en apprendrez davantage sur ce quartier unique.","og_url":"https:\/\/bretzelandfun.com\/index.php\/la-neustadt-et-son-histoire\/","og_site_name":"bretzelandfun","article_modified_time":"2026-04-13T20:22:22+00:00","twitter_card":"summary_large_image","twitter_misc":{"Est. reading time":"2 minutes"},"schema":{"@context":"https:\/\/schema.org","@graph":[{"@type":"WebPage","@id":"https:\/\/bretzelandfun.com\/index.php\/la-neustadt-et-son-histoire\/","url":"https:\/\/bretzelandfun.com\/index.php\/la-neustadt-et-son-histoire\/","name":"Neustadt Strasbourg - Voyage dans le temps ! Bretzel&Fun","isPartOf":{"@id":"https:\/\/bretzelandfun.com\/#website"},"datePublished":"2023-05-23T21:38:25+00:00","dateModified":"2026-04-13T20:22:22+00:00","description":"Visitez le quartier de la Neustadt \u00e0 Strasbourg. Lors de cette promenade de 2 heures, vous en apprendrez davantage sur ce quartier unique.","breadcrumb":{"@id":"https:\/\/bretzelandfun.com\/index.php\/la-neustadt-et-son-histoire\/#breadcrumb"},"inLanguage":"en-US","potentialAction":[{"@type":"ReadAction","target":["https:\/\/bretzelandfun.com\/index.php\/la-neustadt-et-son-histoire\/"]}]},{"@type":"BreadcrumbList","@id":"https:\/\/bretzelandfun.com\/index.php\/la-neustadt-et-son-histoire\/#breadcrumb","itemListElement":[{"@type":"ListItem","position":1,"name":"Accueil","item":"https:\/\/bretzelandfun.com\/"},{"@type":"ListItem","position":2,"name":"STRASBOURG &#8211; NEUSTADT"}]},{"@type":"WebSite","@id":"https:\/\/bretzelandfun.com\/#website","url":"https:\/\/bretzelandfun.com\/","name":"bretzelandfun","description":"Bretzel and Fun \/ Walking tours en Alsace !","publisher":{"@id":"https:\/\/bretzelandfun.com\/#organization"},"potentialAction":[{"@type":"SearchAction","target":{"@type":"EntryPoint","urlTemplate":"https:\/\/bretzelandfun.com\/?s={search_term_string}"},"query-input":"required name=search_term_string"}],"inLanguage":"en-US"},{"@type":"Organization","@id":"https:\/\/bretzelandfun.com\/#organization","name":"bretzelandfun","url":"https:\/\/bretzelandfun.com\/","logo":{"@type":"ImageObject","inLanguage":"en-US","@id":"https:\/\/bretzelandfun.com\/#\/schema\/logo\/image\/","url":"https:\/\/bretzelandfun.com\/wp-content\/uploads\/2023\/05\/BRETZELFUN-WALKING-TOURS.png","contentUrl":"https:\/\/bretzelandfun.com\/wp-content\/uploads\/2023\/05\/BRETZELFUN-WALKING-TOURS.png","width":500,"height":200,"caption":"bretzelandfun"},"image":{"@id":"https:\/\/bretzelandfun.com\/#\/schema\/logo\/image\/"}}]}},"_links":{"self":[{"href":"https:\/\/bretzelandfun.com\/index.php\/wp-json\/wp\/v2\/pages\/95","targetHints":{"allow":["GET"]}}],"collection":[{"href":"https:\/\/bretzelandfun.com\/index.php\/wp-json\/wp\/v2\/pages"}],"about":[{"href":"https:\/\/bretzelandfun.com\/index.php\/wp-json\/wp\/v2\/types\/page"}],"author":[{"embeddable":true,"href":"https:\/\/bretzelandfun.com\/index.php\/wp-json\/wp\/v2\/users\/1"}],"replies":[{"embeddable":true,"href":"https:\/\/bretzelandfun.com\/index.php\/wp-json\/wp\/v2\/comments?post=95"}],"version-history":[{"count":141,"href":"https:\/\/bretzelandfun.com\/index.php\/wp-json\/wp\/v2\/pages\/95\/revisions"}],"predecessor-version":[{"id":5465,"href":"https:\/\/bretzelandfun.com\/index.php\/wp-json\/wp\/v2\/pages\/95\/revisions\/5465"}],"wp:attachment":[{"href":"https:\/\/bretzelandfun.com\/index.php\/wp-json\/wp\/v2\/media?parent=95"}],"curies":[{"name":"wp","href":"https:\/\/api.w.org\/{rel}","templated":true}]}}