{"id":4194,"date":"2024-07-31T15:38:14","date_gmt":"2024-07-31T13:38:14","guid":{"rendered":"https:\/\/bretzelandfun.com\/?page_id=4194"},"modified":"2026-03-30T13:20:28","modified_gmt":"2026-03-30T11:20:28","slug":"visite-guidee-de-saverne-bretzelfun","status":"publish","type":"page","link":"https:\/\/bretzelandfun.com\/index.php\/visite-guidee-de-saverne-bretzelfun\/","title":{"rendered":"Saverne"},"content":{"rendered":"\t\t<div data-elementor-type=\"wp-page\" data-elementor-id=\"4194\" class=\"elementor elementor-4194\">\n\t\t\t\t\t\t\t\t\t<section class=\"elementor-section elementor-top-section elementor-element elementor-element-9a500ea elementor-section-boxed elementor-section-height-default elementor-section-height-default\" data-id=\"9a500ea\" data-element_type=\"section\">\n\t\t\t\t\t\t<div class=\"elementor-container elementor-column-gap-default\">\n\t\t\t\t\t<div class=\"elementor-column elementor-col-100 elementor-top-column elementor-element elementor-element-fb03361\" data-id=\"fb03361\" data-element_type=\"column\">\n\t\t\t<div class=\"elementor-widget-wrap elementor-element-populated\">\n\t\t\t\t\t\t\t\t<section class=\"elementor-section elementor-inner-section elementor-element elementor-element-bf9bba5 elementor-section-boxed elementor-section-height-default elementor-section-height-default\" data-id=\"bf9bba5\" data-element_type=\"section\">\n\t\t\t\t\t\t<div class=\"elementor-container elementor-column-gap-default\">\n\t\t\t\t\t<div class=\"elementor-column elementor-col-50 elementor-inner-column elementor-element elementor-element-3f70b1d\" data-id=\"3f70b1d\" data-element_type=\"column\" data-settings=\"{&quot;background_background&quot;:&quot;classic&quot;}\">\n\t\t\t<div class=\"elementor-widget-wrap elementor-element-populated\">\n\t\t\t\t\t\t\t\t<div class=\"elementor-element elementor-element-354e1d0 elementor-widget elementor-widget-button\" data-id=\"354e1d0\" data-element_type=\"widget\" data-widget_type=\"button.default\">\n\t\t\t\t<div class=\"elementor-widget-container\">\n\t\t\t\t\t<div class=\"elementor-button-wrapper\">\n\t\t\t<a href=\"https:\/\/bretzelandfun.com\/index.php\/visites-guidees-alsace-strasbourg\/\" class=\"elementor-button-link elementor-button elementor-size-sm\" role=\"button\">\n\t\t\t\t\t\t<span class=\"elementor-button-content-wrapper\">\n\t\t\t\t\t\t<span class=\"elementor-button-text\">Revenir aux exp\u00e9riences<\/span>\n\t\t<\/span>\n\t\t\t\t\t<\/a>\n\t\t<\/div>\n\t\t\t\t<\/div>\n\t\t\t\t<\/div>\n\t\t\t\t<div class=\"elementor-element elementor-element-c682065 elementor-widget elementor-widget-heading\" data-id=\"c682065\" data-element_type=\"widget\" data-widget_type=\"heading.default\">\n\t\t\t\t<div class=\"elementor-widget-container\">\n\t\t\t<style>\/*! elementor - v3.13.3 - 22-05-2023 *\/\n.elementor-heading-title{padding:0;margin:0;line-height:1}.elementor-widget-heading .elementor-heading-title[class*=elementor-size-]>a{color:inherit;font-size:inherit;line-height:inherit}.elementor-widget-heading .elementor-heading-title.elementor-size-small{font-size:15px}.elementor-widget-heading .elementor-heading-title.elementor-size-medium{font-size:19px}.elementor-widget-heading .elementor-heading-title.elementor-size-large{font-size:29px}.elementor-widget-heading .elementor-heading-title.elementor-size-xl{font-size:39px}.elementor-widget-heading .elementor-heading-title.elementor-size-xxl{font-size:59px}<\/style><h1 class=\"elementor-heading-title elementor-size-xl\">Visite guid\u00e9e de Saverne : p\u00e9pite alsacienne <\/h1>\t\t<\/div>\n\t\t\t\t<\/div>\n\t\t\t\t<div class=\"elementor-element elementor-element-e6fc092 elementor-widget elementor-widget-heading\" data-id=\"e6fc092\" data-element_type=\"widget\" data-widget_type=\"heading.default\">\n\t\t\t\t<div class=\"elementor-widget-container\">\n\t\t\t<h2 class=\"elementor-heading-title elementor-size-large\">Histoire de l'Alsace au coeur du Parc Naturel des Vosges du Nord<\/h2>\t\t<\/div>\n\t\t\t\t<\/div>\n\t\t\t\t<div class=\"elementor-element elementor-element-d1244d8 elementor-widget elementor-widget-text-editor\" data-id=\"d1244d8\" data-element_type=\"widget\" data-widget_type=\"text-editor.default\">\n\t\t\t\t<div class=\"elementor-widget-container\">\n\t\t\t<style>\/*! elementor - v3.13.3 - 22-05-2023 *\/\n.elementor-widget-text-editor.elementor-drop-cap-view-stacked .elementor-drop-cap{background-color:#69727d;color:#fff}.elementor-widget-text-editor.elementor-drop-cap-view-framed .elementor-drop-cap{color:#69727d;border:3px solid;background-color:transparent}.elementor-widget-text-editor:not(.elementor-drop-cap-view-default) .elementor-drop-cap{margin-top:8px}.elementor-widget-text-editor:not(.elementor-drop-cap-view-default) .elementor-drop-cap-letter{width:1em;height:1em}.elementor-widget-text-editor .elementor-drop-cap{float:left;text-align:center;line-height:1;font-size:50px}.elementor-widget-text-editor .elementor-drop-cap-letter{display:inline-block}<\/style>\t\t\t\t<p>D\u00e9couvrons ensemble Saverne, <b>la ville de la Licorne<\/b> lors de cette visite guid\u00e9e de 2 heures. Situ\u00e9 au coeur du Parc Naturel des Vosges du Nord, cette ville unique est travers\u00e9e par le c\u00e9l\u00e8bre <b>Canal de la Marne au Rhin<\/b>, construit de 1838 \u00e0 1853. Ce canal a \u00e9t\u00e9 tr\u00e8s important dans le d\u00e9veloppement \u00e9conomique et touristique de la ville au cours des derni\u00e8res d\u00e9cennies.<\/p>\n<p>Ville portuaire, nous pourrons admirer les diff\u00e9rents points de vus sur le canal et la ville depuis les \u00e9cluses du centre-ville.<\/p>\n<p>En face du port de plaisance, on distingue le grand <b>Ch\u00e2teau des Rohan<\/b>, le petit Versailles alsacien construit au XVIII\u00e8me si\u00e8cle et r\u00e9nov\u00e9 par Napol\u00e9on III.<\/p>\n<p>Dans le centre historique de Saverne, de nombreuses maisons sortent du lot comme notamment <b>la Maison Katz<\/b>, un bijou de l&#8217;architecture alsacienne. La Grand Rue de Saverne est l&#8217;art\u00e8re principale de la ville qui regorge de belles maisons \u00e0 colombages.<\/p>\n<p>Saverne a \u00e9galement \u00e9t\u00e9 le th\u00e9\u00e2tre&nbsp;<span style=\"font-size: inherit; text-align: inherit; letter-spacing: -0.015em;\">d&#8217;un \u00e9pisode tourment\u00e9 de l&#8217;histoire de l&#8217;Alsace : <\/span><b style=\"font-size: inherit; text-align: inherit; letter-spacing: -0.015em;\">l&#8217;Affaire de Saverne<\/b><span style=\"font-size: inherit; text-align: inherit; letter-spacing: -0.015em;\">. qui a provoqu\u00e9 un s\u00e9isme politique sans pr\u00e9c\u00e9dent en Alsace. Nous parlerons de cette affaire qui a boulevers\u00e9 l&#8217;Alsace au d\u00e9but du XX\u00e8me si\u00e8cle et \u00e9branl\u00e9 l&#8217;Empire allemand de Guillaume II.<\/span><\/p>\n<p>Dur\u00e9e : 1h30.<\/p>\n<p>Tarif : <strong>30<\/strong><span style=\"font-size: inherit; text-align: inherit; letter-spacing: -0.015em;\"><strong>\u20ac TTC\/personne.<\/strong> Groupe de 1 \u00e0 6 personnes.<\/span><\/p>\n<p>Visite guid\u00e9e exclusive au site internet Bretzel&amp;Fun,&nbsp;vous pouvez m\u2019\u00e9crire par&nbsp;<a href=\"https:\/\/wa.me\/33777918865\" data-wplink-edit=\"true\">Whatsapp<\/a>&nbsp;ou m\u2019envoyer une requ\u00eate&nbsp;<a href=\"mailto:contact@bretzelandfun.com\">ici<\/a>&nbsp;pour r\u00e9server votre visite guid\u00e9e de Saverne.<\/p>\n<div style=\"box-sizing: border-box; -webkit-font-smoothing: antialiased; word-break: break-word; overflow-wrap: break-word; --flex-direction: initial; --flex-wrap: initial; --justify-content: initial; --align-items: initial; --align-content: initial; --gap: initial; --flex-basis: initial; --flex-grow: initial; --flex-shrink: initial; --order: initial; --align-self: initial; flex: 0 1 auto; order: 0; align-self: auto; flex-flow: row; place-content: normal; align-items: normal; gap: normal; position: relative; --swiper-theme-color: #000; --swiper-navigation-size: 44px; --swiper-pagination-bullet-size: 6px; --swiper-pagination-bullet-horizontal-gap: 6px; --widgets-spacing: 20px; width: 550px; margin-bottom: 20px; color: #000000; font-family: 'Inter var', -apple-system, BlinkMacSystemFont, 'Helvetica Neue', Helvetica, sans-serif; font-size: 18px; font-style: normal; font-variant-ligatures: normal; font-variant-caps: normal; font-weight: 400; letter-spacing: -0.27px; orphans: 2; text-align: left; text-indent: 0px; text-transform: none; widows: 2; word-spacing: 0px; -webkit-text-stroke-width: 0px; white-space: normal; text-decoration-thickness: initial; text-decoration-style: initial; text-decoration-color: initial;\" data-id=\"be0fd86\" data-element_type=\"widget\" data-widget_type=\"heading.default\">\n<div style=\"box-sizing: border-box; -webkit-font-smoothing: antialiased; word-break: break-word; overflow-wrap: break-word; transition: background 0.3s, border 0.3s, border-radius 0.3s, box-shadow 0.3s, transform 0.4s;\">\n<h3 style=\"box-sizing: border-box; -webkit-font-smoothing: antialiased; word-break: break-word; overflow-wrap: break-word; border: none; font-size: 19px; line-height: 1; margin: 0px; padding: 0px; text-align: inherit; font-feature-settings: 'lnum'; font-variant-numeric: lining-nums; font-weight: 600; letter-spacing: -0.0415625em; color: #000000; font-family: Roboto, sans-serif;\">R\u00e9servez en cliquant ci-dessous :<\/h3>\n<\/div>\n<\/div>\t\t\t\t\t\t<\/div>\n\t\t\t\t<\/div>\n\t\t\t\t<div class=\"elementor-element elementor-element-be3f105 elementor-shape-circle e-grid-align-left elementor-grid-0 elementor-widget elementor-widget-social-icons\" data-id=\"be3f105\" data-element_type=\"widget\" data-widget_type=\"social-icons.default\">\n\t\t\t\t<div class=\"elementor-widget-container\">\n\t\t\t<style>\/*! elementor - v3.13.3 - 22-05-2023 *\/\n.elementor-widget-social-icons.elementor-grid-0 .elementor-widget-container,.elementor-widget-social-icons.elementor-grid-mobile-0 .elementor-widget-container,.elementor-widget-social-icons.elementor-grid-tablet-0 .elementor-widget-container{line-height:1;font-size:0}.elementor-widget-social-icons:not(.elementor-grid-0):not(.elementor-grid-tablet-0):not(.elementor-grid-mobile-0) .elementor-grid{display:inline-grid}.elementor-widget-social-icons .elementor-grid{grid-column-gap:var(--grid-column-gap,5px);grid-row-gap:var(--grid-row-gap,5px);grid-template-columns:var(--grid-template-columns);justify-content:var(--justify-content,center);justify-items:var(--justify-content,center)}.elementor-icon.elementor-social-icon{font-size:var(--icon-size,25px);line-height:var(--icon-size,25px);width:calc(var(--icon-size, 25px) + (2 * var(--icon-padding, .5em)));height:calc(var(--icon-size, 25px) + (2 * var(--icon-padding, .5em)))}.elementor-social-icon{--e-social-icon-icon-color:#fff;display:inline-flex;background-color:#69727d;align-items:center;justify-content:center;text-align:center;cursor:pointer}.elementor-social-icon i{color:var(--e-social-icon-icon-color)}.elementor-social-icon svg{fill:var(--e-social-icon-icon-color)}.elementor-social-icon:last-child{margin:0}.elementor-social-icon:hover{opacity:.9;color:#fff}.elementor-social-icon-android{background-color:#a4c639}.elementor-social-icon-apple{background-color:#999}.elementor-social-icon-behance{background-color:#1769ff}.elementor-social-icon-bitbucket{background-color:#205081}.elementor-social-icon-codepen{background-color:#000}.elementor-social-icon-delicious{background-color:#39f}.elementor-social-icon-deviantart{background-color:#05cc47}.elementor-social-icon-digg{background-color:#005be2}.elementor-social-icon-dribbble{background-color:#ea4c89}.elementor-social-icon-elementor{background-color:#d30c5c}.elementor-social-icon-envelope{background-color:#ea4335}.elementor-social-icon-facebook,.elementor-social-icon-facebook-f{background-color:#3b5998}.elementor-social-icon-flickr{background-color:#0063dc}.elementor-social-icon-foursquare{background-color:#2d5be3}.elementor-social-icon-free-code-camp,.elementor-social-icon-freecodecamp{background-color:#006400}.elementor-social-icon-github{background-color:#333}.elementor-social-icon-gitlab{background-color:#e24329}.elementor-social-icon-globe{background-color:#69727d}.elementor-social-icon-google-plus,.elementor-social-icon-google-plus-g{background-color:#dd4b39}.elementor-social-icon-houzz{background-color:#7ac142}.elementor-social-icon-instagram{background-color:#262626}.elementor-social-icon-jsfiddle{background-color:#487aa2}.elementor-social-icon-link{background-color:#818a91}.elementor-social-icon-linkedin,.elementor-social-icon-linkedin-in{background-color:#0077b5}.elementor-social-icon-medium{background-color:#00ab6b}.elementor-social-icon-meetup{background-color:#ec1c40}.elementor-social-icon-mixcloud{background-color:#273a4b}.elementor-social-icon-odnoklassniki{background-color:#f4731c}.elementor-social-icon-pinterest{background-color:#bd081c}.elementor-social-icon-product-hunt{background-color:#da552f}.elementor-social-icon-reddit{background-color:#ff4500}.elementor-social-icon-rss{background-color:#f26522}.elementor-social-icon-shopping-cart{background-color:#4caf50}.elementor-social-icon-skype{background-color:#00aff0}.elementor-social-icon-slideshare{background-color:#0077b5}.elementor-social-icon-snapchat{background-color:#fffc00}.elementor-social-icon-soundcloud{background-color:#f80}.elementor-social-icon-spotify{background-color:#2ebd59}.elementor-social-icon-stack-overflow{background-color:#fe7a15}.elementor-social-icon-steam{background-color:#00adee}.elementor-social-icon-stumbleupon{background-color:#eb4924}.elementor-social-icon-telegram{background-color:#2ca5e0}.elementor-social-icon-thumb-tack{background-color:#1aa1d8}.elementor-social-icon-tripadvisor{background-color:#589442}.elementor-social-icon-tumblr{background-color:#35465c}.elementor-social-icon-twitch{background-color:#6441a5}.elementor-social-icon-twitter{background-color:#1da1f2}.elementor-social-icon-viber{background-color:#665cac}.elementor-social-icon-vimeo{background-color:#1ab7ea}.elementor-social-icon-vk{background-color:#45668e}.elementor-social-icon-weibo{background-color:#dd2430}.elementor-social-icon-weixin{background-color:#31a918}.elementor-social-icon-whatsapp{background-color:#25d366}.elementor-social-icon-wordpress{background-color:#21759b}.elementor-social-icon-xing{background-color:#026466}.elementor-social-icon-yelp{background-color:#af0606}.elementor-social-icon-youtube{background-color:#cd201f}.elementor-social-icon-500px{background-color:#0099e5}.elementor-shape-rounded .elementor-icon.elementor-social-icon{border-radius:10%}.elementor-shape-circle .elementor-icon.elementor-social-icon{border-radius:50%}<\/style>\t\t<div class=\"elementor-social-icons-wrapper elementor-grid\">\n\t\t\t\t\t\t\t<span class=\"elementor-grid-item\">\n\t\t\t\t\t<a class=\"elementor-icon elementor-social-icon elementor-social-icon-whatsapp elementor-repeater-item-f55cd98\" href=\"https:\/\/wa.me\/33777918865\" target=\"_blank\">\n\t\t\t\t\t\t<span class=\"elementor-screen-only\">Whatsapp<\/span>\n\t\t\t\t\t\t<i class=\"fab fa-whatsapp\"><\/i>\t\t\t\t\t<\/a>\n\t\t\t\t<\/span>\n\t\t\t\t\t\t\t<span class=\"elementor-grid-item\">\n\t\t\t\t\t<a class=\"elementor-icon elementor-social-icon elementor-social-icon-envelope elementor-repeater-item-6e84162\" href=\"mailto:contact@bretzelandfun.com\" target=\"_blank\">\n\t\t\t\t\t\t<span class=\"elementor-screen-only\">Envelope<\/span>\n\t\t\t\t\t\t<i class=\"fas fa-envelope\"><\/i>\t\t\t\t\t<\/a>\n\t\t\t\t<\/span>\n\t\t\t\t\t<\/div>\n\t\t\t\t<\/div>\n\t\t\t\t<\/div>\n\t\t\t\t\t<\/div>\n\t\t<\/div>\n\t\t\t\t<div class=\"elementor-column elementor-col-50 elementor-inner-column elementor-element elementor-element-e40ae66\" data-id=\"e40ae66\" data-element_type=\"column\">\n\t\t\t<div class=\"elementor-widget-wrap elementor-element-populated\">\n\t\t\t\t\t\t\t\t<div class=\"elementor-element elementor-element-dc4fc96 elementor-widget elementor-widget-video\" data-id=\"dc4fc96\" data-element_type=\"widget\" data-settings=\"{&quot;video_type&quot;:&quot;vimeo&quot;,&quot;autoplay&quot;:&quot;yes&quot;,&quot;loop&quot;:&quot;yes&quot;,&quot;yt_privacy&quot;:&quot;yes&quot;}\" data-widget_type=\"video.default\">\n\t\t\t\t<div class=\"elementor-widget-container\">\n\t\t\t<style>\/*! elementor - v3.13.3 - 22-05-2023 *\/\n.elementor-widget-video .elementor-widget-container{overflow:hidden;transform:translateZ(0)}.elementor-widget-video .elementor-wrapper{aspect-ratio:var(--video-aspect-ratio)}.elementor-widget-video .elementor-wrapper iframe,.elementor-widget-video .elementor-wrapper video{height:100%;width:100%;display:flex;border:none;background-color:#000}@supports not (aspect-ratio:1\/1){.elementor-widget-video .elementor-wrapper{position:relative;overflow:hidden;height:0;padding-bottom:calc(100% \/ var(--video-aspect-ratio))}.elementor-widget-video .elementor-wrapper iframe,.elementor-widget-video .elementor-wrapper video{position:absolute;top:0;right:0;bottom:0;left:0}}.elementor-widget-video .elementor-open-inline .elementor-custom-embed-image-overlay{position:absolute;top:0;left:0;width:100%;height:100%;background-size:cover;background-position:50%}.elementor-widget-video .elementor-custom-embed-image-overlay{cursor:pointer;text-align:center}.elementor-widget-video .elementor-custom-embed-image-overlay:hover .elementor-custom-embed-play i{opacity:1}.elementor-widget-video .elementor-custom-embed-image-overlay img{display:block;width:100%}.elementor-widget-video .e-hosted-video .elementor-video{-o-object-fit:cover;object-fit:cover}.e-con-inner>.elementor-widget-video,.e-con>.elementor-widget-video{width:var(--container-widget-width);--flex-grow:var(--container-widget-flex-grow)}<\/style>\t\t<div class=\"elementor-wrapper elementor-open-inline\">\n\t\t\t<iframe class=\"elementor-video-iframe\" allowfullscreen title=\"vimeo Video Player\" src=\"https:\/\/player.vimeo.com\/video\/1177680741?autoplay=1&amp;color&amp;autopause=0&amp;dnt=true&amp;loop=1&amp;muted=0&amp;title=1&amp;portrait=1&amp;byline=1#t=\"><\/iframe>\t\t<\/div>\n\t\t\t\t<\/div>\n\t\t\t\t<\/div>\n\t\t\t\t\t<\/div>\n\t\t<\/div>\n\t\t\t\t\t\t\t<\/div>\n\t\t<\/section>\n\t\t\t\t\t<\/div>\n\t\t<\/div>\n\t\t\t\t\t\t\t<\/div>\n\t\t<\/section>\n\t\t\t\t\t\t\t<\/div>\n\t\t","protected":false},"excerpt":{"rendered":"<p>Revenir aux exp\u00e9riences Visite guid\u00e9e de Saverne : p\u00e9pite alsacienne Histoire de l&#8217;Alsace au coeur du Parc Naturel des Vosges du Nord D\u00e9couvrons ensemble Saverne, la ville de la Licorne lors de cette visite guid\u00e9e de 2 heures. Situ\u00e9 au coeur du Parc Naturel des Vosges du Nord, cette ville unique est travers\u00e9e par le [&hellip;]<\/p>\n","protected":false},"author":1,"featured_media":0,"parent":0,"menu_order":0,"comment_status":"closed","ping_status":"closed","template":"elementor_header_footer","meta":{"_monsterinsights_skip_tracking":false,"_monsterinsights_sitenote_active":false,"_monsterinsights_sitenote_note":"","_monsterinsights_sitenote_category":0,"footnotes":""},"class_list":["post-4194","page","type-page","status-publish","hentry"],"yoast_head":"<!-- This site is optimized with the Yoast SEO plugin v20.8 - https:\/\/yoast.com\/wordpress\/plugins\/seo\/ -->\n<title>Saverne - bretzelandfun<\/title>\n<meta name=\"description\" content=\"D\u00e9couvrez la charmante ville de Saverne lors d&#039;une visite guid\u00e9e unique \u00e0 travers le centre-ville, le Canal et d&#039;autres secrets de Saverne !\" \/>\n<meta name=\"robots\" content=\"index, follow, max-snippet:-1, max-image-preview:large, max-video-preview:-1\" \/>\n<link rel=\"canonical\" href=\"https:\/\/bretzelandfun.com\/index.php\/visite-guidee-de-saverne-bretzelfun\/\" \/>\n<meta property=\"og:locale\" content=\"en_US\" \/>\n<meta property=\"og:type\" content=\"article\" \/>\n<meta property=\"og:title\" content=\"Saverne - bretzelandfun\" \/>\n<meta property=\"og:description\" content=\"D\u00e9couvrez la charmante ville de Saverne lors d&#039;une visite guid\u00e9e unique \u00e0 travers le centre-ville, le Canal et d&#039;autres secrets de Saverne !\" \/>\n<meta property=\"og:url\" content=\"https:\/\/bretzelandfun.com\/index.php\/visite-guidee-de-saverne-bretzelfun\/\" \/>\n<meta property=\"og:site_name\" content=\"bretzelandfun\" \/>\n<meta property=\"article:modified_time\" content=\"2026-03-30T11:20:28+00:00\" \/>\n<meta name=\"twitter:card\" content=\"summary_large_image\" \/>\n<meta name=\"twitter:label1\" content=\"Est. reading time\" \/>\n\t<meta name=\"twitter:data1\" content=\"2 minutes\" \/>\n<script type=\"application\/ld+json\" class=\"yoast-schema-graph\">{\"@context\":\"https:\/\/schema.org\",\"@graph\":[{\"@type\":\"WebPage\",\"@id\":\"https:\/\/bretzelandfun.com\/index.php\/visite-guidee-de-saverne-bretzelfun\/\",\"url\":\"https:\/\/bretzelandfun.com\/index.php\/visite-guidee-de-saverne-bretzelfun\/\",\"name\":\"Saverne - bretzelandfun\",\"isPartOf\":{\"@id\":\"https:\/\/bretzelandfun.com\/#website\"},\"datePublished\":\"2024-07-31T13:38:14+00:00\",\"dateModified\":\"2026-03-30T11:20:28+00:00\",\"description\":\"D\u00e9couvrez la charmante ville de Saverne lors d'une visite guid\u00e9e unique \u00e0 travers le centre-ville, le Canal et d'autres secrets de Saverne !\",\"breadcrumb\":{\"@id\":\"https:\/\/bretzelandfun.com\/index.php\/visite-guidee-de-saverne-bretzelfun\/#breadcrumb\"},\"inLanguage\":\"en-US\",\"potentialAction\":[{\"@type\":\"ReadAction\",\"target\":[\"https:\/\/bretzelandfun.com\/index.php\/visite-guidee-de-saverne-bretzelfun\/\"]}]},{\"@type\":\"BreadcrumbList\",\"@id\":\"https:\/\/bretzelandfun.com\/index.php\/visite-guidee-de-saverne-bretzelfun\/#breadcrumb\",\"itemListElement\":[{\"@type\":\"ListItem\",\"position\":1,\"name\":\"Accueil\",\"item\":\"https:\/\/bretzelandfun.com\/\"},{\"@type\":\"ListItem\",\"position\":2,\"name\":\"Saverne\"}]},{\"@type\":\"WebSite\",\"@id\":\"https:\/\/bretzelandfun.com\/#website\",\"url\":\"https:\/\/bretzelandfun.com\/\",\"name\":\"bretzelandfun\",\"description\":\"Bretzel and Fun \/ Walking tours en Alsace !\",\"publisher\":{\"@id\":\"https:\/\/bretzelandfun.com\/#organization\"},\"potentialAction\":[{\"@type\":\"SearchAction\",\"target\":{\"@type\":\"EntryPoint\",\"urlTemplate\":\"https:\/\/bretzelandfun.com\/?s={search_term_string}\"},\"query-input\":\"required name=search_term_string\"}],\"inLanguage\":\"en-US\"},{\"@type\":\"Organization\",\"@id\":\"https:\/\/bretzelandfun.com\/#organization\",\"name\":\"bretzelandfun\",\"url\":\"https:\/\/bretzelandfun.com\/\",\"logo\":{\"@type\":\"ImageObject\",\"inLanguage\":\"en-US\",\"@id\":\"https:\/\/bretzelandfun.com\/#\/schema\/logo\/image\/\",\"url\":\"https:\/\/bretzelandfun.com\/wp-content\/uploads\/2023\/05\/BRETZELFUN-WALKING-TOURS.png\",\"contentUrl\":\"https:\/\/bretzelandfun.com\/wp-content\/uploads\/2023\/05\/BRETZELFUN-WALKING-TOURS.png\",\"width\":500,\"height\":200,\"caption\":\"bretzelandfun\"},\"image\":{\"@id\":\"https:\/\/bretzelandfun.com\/#\/schema\/logo\/image\/\"}}]}<\/script>\n<!-- \/ Yoast SEO plugin. -->","yoast_head_json":{"title":"Saverne - bretzelandfun","description":"D\u00e9couvrez la charmante ville de Saverne lors d'une visite guid\u00e9e unique \u00e0 travers le centre-ville, le Canal et d'autres secrets de Saverne !","robots":{"index":"index","follow":"follow","max-snippet":"max-snippet:-1","max-image-preview":"max-image-preview:large","max-video-preview":"max-video-preview:-1"},"canonical":"https:\/\/bretzelandfun.com\/index.php\/visite-guidee-de-saverne-bretzelfun\/","og_locale":"en_US","og_type":"article","og_title":"Saverne - bretzelandfun","og_description":"D\u00e9couvrez la charmante ville de Saverne lors d'une visite guid\u00e9e unique \u00e0 travers le centre-ville, le Canal et d'autres secrets de Saverne !","og_url":"https:\/\/bretzelandfun.com\/index.php\/visite-guidee-de-saverne-bretzelfun\/","og_site_name":"bretzelandfun","article_modified_time":"2026-03-30T11:20:28+00:00","twitter_card":"summary_large_image","twitter_misc":{"Est. reading time":"2 minutes"},"schema":{"@context":"https:\/\/schema.org","@graph":[{"@type":"WebPage","@id":"https:\/\/bretzelandfun.com\/index.php\/visite-guidee-de-saverne-bretzelfun\/","url":"https:\/\/bretzelandfun.com\/index.php\/visite-guidee-de-saverne-bretzelfun\/","name":"Saverne - bretzelandfun","isPartOf":{"@id":"https:\/\/bretzelandfun.com\/#website"},"datePublished":"2024-07-31T13:38:14+00:00","dateModified":"2026-03-30T11:20:28+00:00","description":"D\u00e9couvrez la charmante ville de Saverne lors d'une visite guid\u00e9e unique \u00e0 travers le centre-ville, le Canal et d'autres secrets de Saverne !","breadcrumb":{"@id":"https:\/\/bretzelandfun.com\/index.php\/visite-guidee-de-saverne-bretzelfun\/#breadcrumb"},"inLanguage":"en-US","potentialAction":[{"@type":"ReadAction","target":["https:\/\/bretzelandfun.com\/index.php\/visite-guidee-de-saverne-bretzelfun\/"]}]},{"@type":"BreadcrumbList","@id":"https:\/\/bretzelandfun.com\/index.php\/visite-guidee-de-saverne-bretzelfun\/#breadcrumb","itemListElement":[{"@type":"ListItem","position":1,"name":"Accueil","item":"https:\/\/bretzelandfun.com\/"},{"@type":"ListItem","position":2,"name":"Saverne"}]},{"@type":"WebSite","@id":"https:\/\/bretzelandfun.com\/#website","url":"https:\/\/bretzelandfun.com\/","name":"bretzelandfun","description":"Bretzel and Fun \/ Walking tours en Alsace !","publisher":{"@id":"https:\/\/bretzelandfun.com\/#organization"},"potentialAction":[{"@type":"SearchAction","target":{"@type":"EntryPoint","urlTemplate":"https:\/\/bretzelandfun.com\/?s={search_term_string}"},"query-input":"required name=search_term_string"}],"inLanguage":"en-US"},{"@type":"Organization","@id":"https:\/\/bretzelandfun.com\/#organization","name":"bretzelandfun","url":"https:\/\/bretzelandfun.com\/","logo":{"@type":"ImageObject","inLanguage":"en-US","@id":"https:\/\/bretzelandfun.com\/#\/schema\/logo\/image\/","url":"https:\/\/bretzelandfun.com\/wp-content\/uploads\/2023\/05\/BRETZELFUN-WALKING-TOURS.png","contentUrl":"https:\/\/bretzelandfun.com\/wp-content\/uploads\/2023\/05\/BRETZELFUN-WALKING-TOURS.png","width":500,"height":200,"caption":"bretzelandfun"},"image":{"@id":"https:\/\/bretzelandfun.com\/#\/schema\/logo\/image\/"}}]}},"_links":{"self":[{"href":"https:\/\/bretzelandfun.com\/index.php\/wp-json\/wp\/v2\/pages\/4194","targetHints":{"allow":["GET"]}}],"collection":[{"href":"https:\/\/bretzelandfun.com\/index.php\/wp-json\/wp\/v2\/pages"}],"about":[{"href":"https:\/\/bretzelandfun.com\/index.php\/wp-json\/wp\/v2\/types\/page"}],"author":[{"embeddable":true,"href":"https:\/\/bretzelandfun.com\/index.php\/wp-json\/wp\/v2\/users\/1"}],"replies":[{"embeddable":true,"href":"https:\/\/bretzelandfun.com\/index.php\/wp-json\/wp\/v2\/comments?post=4194"}],"version-history":[{"count":43,"href":"https:\/\/bretzelandfun.com\/index.php\/wp-json\/wp\/v2\/pages\/4194\/revisions"}],"predecessor-version":[{"id":5324,"href":"https:\/\/bretzelandfun.com\/index.php\/wp-json\/wp\/v2\/pages\/4194\/revisions\/5324"}],"wp:attachment":[{"href":"https:\/\/bretzelandfun.com\/index.php\/wp-json\/wp\/v2\/media?parent=4194"}],"curies":[{"name":"wp","href":"https:\/\/api.w.org\/{rel}","templated":true}]}}