{"id":2273,"date":"2023-06-21T16:06:58","date_gmt":"2023-06-21T14:06:58","guid":{"rendered":"https:\/\/bretzelandfun.com\/?page_id=2273"},"modified":"2023-06-27T15:13:27","modified_gmt":"2023-06-27T13:13:27","slug":"mentions-legales","status":"publish","type":"page","link":"https:\/\/bretzelandfun.com\/index.php\/mentions-legales\/","title":{"rendered":"mentions l\u00e9gales"},"content":{"rendered":"\t\t<div data-elementor-type=\"wp-page\" data-elementor-id=\"2273\" class=\"elementor elementor-2273\">\n\t\t\t\t\t\t\t\t\t<section class=\"elementor-section elementor-top-section elementor-element elementor-element-58721dc elementor-section-boxed elementor-section-height-default elementor-section-height-default\" data-id=\"58721dc\" data-element_type=\"section\">\n\t\t\t\t\t\t<div class=\"elementor-container elementor-column-gap-default\">\n\t\t\t\t\t<div class=\"elementor-column elementor-col-100 elementor-top-column elementor-element elementor-element-1b92f49\" data-id=\"1b92f49\" data-element_type=\"column\">\n\t\t\t<div class=\"elementor-widget-wrap elementor-element-populated\">\n\t\t\t\t\t\t\t\t<div class=\"elementor-element elementor-element-42341cb elementor-widget elementor-widget-text-editor\" data-id=\"42341cb\" data-element_type=\"widget\" data-widget_type=\"text-editor.default\">\n\t\t\t\t<div class=\"elementor-widget-container\">\n\t\t\t<style>\/*! elementor - v3.13.3 - 22-05-2023 *\/\n.elementor-widget-text-editor.elementor-drop-cap-view-stacked .elementor-drop-cap{background-color:#69727d;color:#fff}.elementor-widget-text-editor.elementor-drop-cap-view-framed .elementor-drop-cap{color:#69727d;border:3px solid;background-color:transparent}.elementor-widget-text-editor:not(.elementor-drop-cap-view-default) .elementor-drop-cap{margin-top:8px}.elementor-widget-text-editor:not(.elementor-drop-cap-view-default) .elementor-drop-cap-letter{width:1em;height:1em}.elementor-widget-text-editor .elementor-drop-cap{float:left;text-align:center;line-height:1;font-size:50px}.elementor-widget-text-editor .elementor-drop-cap-letter{display:inline-block}<\/style>\t\t\t\t<p><strong>MENTIONS LEGALES :<\/strong><\/p><p>Conform\u00e9ment aux dispositions des Articles 6-III et 19 de la Loi n\u00b02004-575 du 21 juin 2004 pour la Confiance dans l\u2019\u00e9conomie num\u00e9rique, dite L.C.E.N., il est port\u00e9 \u00e0 la connaissance des utilisateurs et visiteurs, ci-apr\u00e8s l&#8221;&#8221;<b>Utilisateur<\/b>&#8220;, du site www.bretzelandfun.com , ci-apr\u00e8s le &#8220;<b>Site<\/b>&#8220;, les pr\u00e9sentes mentions l\u00e9gales.<\/p><p>La connexion et la navigation sur le Site par l\u2019Utilisateur implique acceptation int\u00e9grale et sans r\u00e9serve des pr\u00e9sentes mentions l\u00e9gales.<\/p><p>Ces derni\u00e8res sont accessibles sur le Site \u00e0 la rubrique \u00ab <b>Mentions l\u00e9gales<\/b> \u00bb.<\/p><p><strong>ARTICLE 1 &#8211; L&#8217;EDITEUR\u00a0<\/strong><\/p><p>L\u2019\u00e9dition et la direction de la publication du Site est assur\u00e9e par LANG NICOLAS, domicili\u00e9 37 ROUTE DE LYON 67400 ILLKIRCH-GRAFFENSTADEN, dont le num\u00e9ro de t\u00e9l\u00e9phone est +33 (0) 777918865.<\/p><p>SIRET : 95300324100015<\/p><p>ci-apr\u00e8s l'&#8221;<b>Editeur<\/b>&#8220;.<\/p><p>Le contenu pr\u00e9sent sur le site internet est un contenu exclusif de L<\/p><p><strong>ARTICLE 2 &#8211; L&#8217;HEBERGEUR<\/strong><\/p><p>L&#8217;h\u00e9bergeur du Site est la soci\u00e9t\u00e9 OVHcludd, dont le si\u00e8ge social est situ\u00e9 au 2 rue Kellermann &#8211; 59100 ROUBAIX &#8211; France.<\/p><p>N&#8217;h\u00e9sitez pas \u00e0 les joindre par ce lien :\u00a0https:\/\/help.ovhcloud.com\/csm<\/p><p><strong style=\"font-size: inherit; text-align: inherit; letter-spacing: -0.015em;\">ARTICLE 3 &#8211; ACCES AU SITE<\/strong><\/p><p>Le Site est accessible en tout endroit, 7j\/7, 24h\/24 sauf cas de force majeure, interruption programm\u00e9e ou non et pouvant d\u00e9coulant d\u2019une n\u00e9cessit\u00e9 de maintenance.<\/p><p>En cas de modification, interruption ou suspension du Site, l&#8217;Editeur ne saurait \u00eatre tenu responsable.<\/p><p><strong>ARTICLE 4 &#8211; COLLECTE DES DONNEES<\/strong><\/p><p>Le Site assure \u00e0 l&#8217;Utilisateur une collecte et un traitement d&#8217;informations personnelles dans le respect de la vie priv\u00e9e conform\u00e9ment \u00e0 la loi n\u00b078-17 du 6 janvier 1978 relative \u00e0 l&#8217;informatique, aux fichiers et aux libert\u00e9s.<\/p><p>\u00a0<\/p><p>En vertu de la loi Informatique et Libert\u00e9s, en date du 6 janvier 1978, l&#8217;Utilisateur dispose d&#8217;un droit d&#8217;acc\u00e8s, de rectification, de suppression et d&#8217;opposition de ses donn\u00e9es personnelles. L&#8217;Utilisateur exerce ce droit :<\/p><p>\u00b7\u00a0\u00a0\u00a0\u00a0\u00a0\u00a0\u00a0\u00a0 par mail \u00e0 l&#8217;adresse email bretzelandfun@gmail.com<\/p><p>\u00a0<\/p><p>Toute utilisation, reproduction, diffusion, commercialisation, modification de toute ou partie du Site, sans autorisation de l\u2019Editeur est prohib\u00e9e et pourra entra\u00een\u00e9e des actions et poursuites judiciaires telles que notamment pr\u00e9vues par le Code de la propri\u00e9t\u00e9 intellectuelle et le Code civil<\/p><p>\u00a0<\/p>\t\t\t\t\t\t<\/div>\n\t\t\t\t<\/div>\n\t\t\t\t\t<\/div>\n\t\t<\/div>\n\t\t\t\t\t\t\t<\/div>\n\t\t<\/section>\n\t\t\t\t<section class=\"elementor-section elementor-top-section elementor-element elementor-element-9dbbcd3 elementor-section-boxed elementor-section-height-default elementor-section-height-default\" data-id=\"9dbbcd3\" data-element_type=\"section\">\n\t\t\t\t\t\t<div class=\"elementor-container elementor-column-gap-default\">\n\t\t\t\t\t<div class=\"elementor-column elementor-col-100 elementor-top-column elementor-element elementor-element-2520b50\" data-id=\"2520b50\" data-element_type=\"column\">\n\t\t\t<div class=\"elementor-widget-wrap elementor-element-populated\">\n\t\t\t\t\t\t\t\t<div class=\"elementor-element elementor-element-9ccef42 elementor-widget__width-initial elementor-widget elementor-widget-text-editor\" data-id=\"9ccef42\" data-element_type=\"widget\" data-widget_type=\"text-editor.default\">\n\t\t\t\t<div class=\"elementor-widget-container\">\n\t\t\t\t\t\t\t<p><strong>CONDITIONS GENERALES DE VENTE :<\/strong><\/p>\n<p><span style=\"font-size: 14px; letter-spacing: normal;\">-Le terme &#8220;client&#8221; d\u00e9signe toute personne morale ou physique, ayant sollicit\u00e9 les comp\u00e9tences et les services de Nicolas Lang pour tout service dans le cadre des comp\u00e9tences des services de guide touristique. Le retour du devis sign\u00e9 par le client vaut acceptation de l&#8217;ensemble des conditions g\u00e9n\u00e9rales de vente \u00e9dict\u00e9es ici.<\/span><\/p>\n<p><span style=\"font-size: 14px; letter-spacing: normal;\">-Le prestataire, ici Nicolas Lang, propose des visites guid\u00e9es culturelles \u00e0 Strasbourg et de l&#8217;Alsace de 2 \u00e0 3 heures maximum avec des groupes allant de 2 \u00e0 6 personnes. Le client s&#8217;engage \u00e0 fournir toutes les informations n\u00e9cessaires pour la r\u00e9alisation de la visite, se conformer aux r\u00e8gles d&#8217;entr\u00e9es des lieux travers\u00e9s.<\/span><\/p>\n<p><span style=\"font-size: 14px; letter-spacing: normal;\">-Les tarifs mentionn\u00e9s sur chacune des pages des visites sont applicables lors d&#8217;une r\u00e9servation suivant un appel t\u00e9l\u00e9phonique, un mail ou un contact par les r\u00e9seaux sociaux. Une demande de r\u00e9servation engendrera la cr\u00e9ation d&#8217;un devis qui sera valable 7 jours \u00e0 compter de son \u00e9dition (sauf mentions contraires).<\/span><\/p>\n<p><span style=\"font-size: 14px; letter-spacing: normal;\">-La prestation sera assur\u00e9e le jour et l&#8217;heure indiqu\u00e9 sur le devis.<\/span><\/p>\n<p><span style=\"font-size: 14px; letter-spacing: normal;\">-Tarifs TTC : TVA non applicable en vertu de l&#8217;article 293B du CGI.<\/span><span style=\"font-size: 14px; letter-spacing: normal;\"><br><\/span><\/p>\n<p><span style=\"font-size: 14px; letter-spacing: normal;\">-Les visites sur-mesure sont sujettes \u00e0 une tarification \u00e0 convenir par devis entre le client et moi-m\u00eame.<\/span><\/p>\n<p><span style=\"font-size: 14px; letter-spacing: normal;\">-Une facture sera \u00e9dit\u00e9e avec le devis et les paiements du client se feront directement en euro par carte bancaire via un lien de paiement ou par virement \u00e0 l&#8217;ordre de Nicolas Lang.<\/span><\/p>\n<p><span style=\"font-size: 14px; letter-spacing: normal;\">-Le paiement s&#8217;effectue au plus tard 30 jours avant la prestation.<\/span><\/p>\n<p><span style=\"font-size: 14px; letter-spacing: normal;\">Une annulation de la prestation par le client de 30 \u00e0 14 jours avant le d\u00e9part ne sera pas p\u00e9nalis\u00e9e par des frais d&#8217;annulations.<\/span><\/p>\n<p><span style=\"font-size: 14px; letter-spacing: normal;\">De 14 jours j<\/span><span style=\"font-size: 14px; letter-spacing: normal; text-align: inherit;\">usqu&#8217;\u00e0 24h avant la date de la prestation mentionn\u00e9e sur le devis entrainera des frais d&#8217;annulation tardive de l&#8217;ordre de 30%.&nbsp;<\/span><\/p>\n<p><span style=\"font-size: 14px; letter-spacing: normal; text-align: inherit;\">En cas d&#8217;une annulation du client dans les 24h pr\u00e9c\u00e9dant la prestation mentionn\u00e9e le devis ou d&#8217;une non-pr\u00e9sentation du client au point de rendez-vous convenu pour le d\u00e9part de la visite, des frais de p\u00e9nalit\u00e9 de 100% seront appliqu\u00e9s.<\/span><\/p>\t\t\t\t\t\t<\/div>\n\t\t\t\t<\/div>\n\t\t\t\t\t<\/div>\n\t\t<\/div>\n\t\t\t\t\t\t\t<\/div>\n\t\t<\/section>\n\t\t\t\t\t\t\t<\/div>\n\t\t","protected":false},"excerpt":{"rendered":"<p>MENTIONS LEGALES : Conform\u00e9ment aux dispositions des Articles 6-III et 19 de la Loi n\u00b02004-575 du 21 juin 2004 pour la Confiance dans l\u2019\u00e9conomie num\u00e9rique, dite L.C.E.N., il est port\u00e9 \u00e0 la connaissance des utilisateurs et visiteurs, ci-apr\u00e8s l&#8221;&#8221;Utilisateur&#8220;, du site www.bretzelandfun.com , ci-apr\u00e8s le &#8220;Site&#8220;, les pr\u00e9sentes mentions l\u00e9gales. La connexion et la navigation [&hellip;]<\/p>\n","protected":false},"author":1,"featured_media":0,"parent":0,"menu_order":0,"comment_status":"closed","ping_status":"closed","template":"elementor_header_footer","meta":{"_monsterinsights_skip_tracking":false,"_monsterinsights_sitenote_active":false,"_monsterinsights_sitenote_note":"","_monsterinsights_sitenote_category":0,"footnotes":""},"class_list":["post-2273","page","type-page","status-publish","hentry"],"yoast_head":"<!-- This site is optimized with the Yoast SEO plugin v20.8 - https:\/\/yoast.com\/wordpress\/plugins\/seo\/ -->\n<title>mentions l\u00e9gales - bretzelandfun<\/title>\n<meta name=\"robots\" content=\"index, follow, max-snippet:-1, max-image-preview:large, max-video-preview:-1\" \/>\n<link rel=\"canonical\" href=\"https:\/\/bretzelandfun.com\/index.php\/mentions-legales\/\" \/>\n<meta property=\"og:locale\" content=\"en_US\" \/>\n<meta property=\"og:type\" content=\"article\" \/>\n<meta property=\"og:title\" content=\"mentions l\u00e9gales - bretzelandfun\" \/>\n<meta property=\"og:description\" content=\"MENTIONS LEGALES : Conform\u00e9ment aux dispositions des Articles 6-III et 19 de la Loi n\u00b02004-575 du 21 juin 2004 pour la Confiance dans l\u2019\u00e9conomie num\u00e9rique, dite L.C.E.N., il est port\u00e9 \u00e0 la connaissance des utilisateurs et visiteurs, ci-apr\u00e8s l&#8221;&#8221;Utilisateur&#8220;, du site www.bretzelandfun.com , ci-apr\u00e8s le &#8220;Site&#8220;, les pr\u00e9sentes mentions l\u00e9gales. La connexion et la navigation [&hellip;]\" \/>\n<meta property=\"og:url\" content=\"https:\/\/bretzelandfun.com\/index.php\/mentions-legales\/\" \/>\n<meta property=\"og:site_name\" content=\"bretzelandfun\" \/>\n<meta property=\"article:modified_time\" content=\"2023-06-27T13:13:27+00:00\" \/>\n<meta name=\"twitter:card\" content=\"summary_large_image\" \/>\n<meta name=\"twitter:label1\" content=\"Est. reading time\" \/>\n\t<meta name=\"twitter:data1\" content=\"4 minutes\" \/>\n<script type=\"application\/ld+json\" class=\"yoast-schema-graph\">{\"@context\":\"https:\/\/schema.org\",\"@graph\":[{\"@type\":\"WebPage\",\"@id\":\"https:\/\/bretzelandfun.com\/index.php\/mentions-legales\/\",\"url\":\"https:\/\/bretzelandfun.com\/index.php\/mentions-legales\/\",\"name\":\"mentions l\u00e9gales - bretzelandfun\",\"isPartOf\":{\"@id\":\"https:\/\/bretzelandfun.com\/#website\"},\"datePublished\":\"2023-06-21T14:06:58+00:00\",\"dateModified\":\"2023-06-27T13:13:27+00:00\",\"breadcrumb\":{\"@id\":\"https:\/\/bretzelandfun.com\/index.php\/mentions-legales\/#breadcrumb\"},\"inLanguage\":\"en-US\",\"potentialAction\":[{\"@type\":\"ReadAction\",\"target\":[\"https:\/\/bretzelandfun.com\/index.php\/mentions-legales\/\"]}]},{\"@type\":\"BreadcrumbList\",\"@id\":\"https:\/\/bretzelandfun.com\/index.php\/mentions-legales\/#breadcrumb\",\"itemListElement\":[{\"@type\":\"ListItem\",\"position\":1,\"name\":\"Accueil\",\"item\":\"https:\/\/bretzelandfun.com\/\"},{\"@type\":\"ListItem\",\"position\":2,\"name\":\"mentions l\u00e9gales\"}]},{\"@type\":\"WebSite\",\"@id\":\"https:\/\/bretzelandfun.com\/#website\",\"url\":\"https:\/\/bretzelandfun.com\/\",\"name\":\"bretzelandfun\",\"description\":\"Bretzel and Fun \/ Walking tours en Alsace !\",\"publisher\":{\"@id\":\"https:\/\/bretzelandfun.com\/#organization\"},\"potentialAction\":[{\"@type\":\"SearchAction\",\"target\":{\"@type\":\"EntryPoint\",\"urlTemplate\":\"https:\/\/bretzelandfun.com\/?s={search_term_string}\"},\"query-input\":\"required name=search_term_string\"}],\"inLanguage\":\"en-US\"},{\"@type\":\"Organization\",\"@id\":\"https:\/\/bretzelandfun.com\/#organization\",\"name\":\"bretzelandfun\",\"url\":\"https:\/\/bretzelandfun.com\/\",\"logo\":{\"@type\":\"ImageObject\",\"inLanguage\":\"en-US\",\"@id\":\"https:\/\/bretzelandfun.com\/#\/schema\/logo\/image\/\",\"url\":\"https:\/\/bretzelandfun.com\/wp-content\/uploads\/2023\/05\/BRETZELFUN-WALKING-TOURS.png\",\"contentUrl\":\"https:\/\/bretzelandfun.com\/wp-content\/uploads\/2023\/05\/BRETZELFUN-WALKING-TOURS.png\",\"width\":500,\"height\":200,\"caption\":\"bretzelandfun\"},\"image\":{\"@id\":\"https:\/\/bretzelandfun.com\/#\/schema\/logo\/image\/\"}}]}<\/script>\n<!-- \/ Yoast SEO plugin. -->","yoast_head_json":{"title":"mentions l\u00e9gales - bretzelandfun","robots":{"index":"index","follow":"follow","max-snippet":"max-snippet:-1","max-image-preview":"max-image-preview:large","max-video-preview":"max-video-preview:-1"},"canonical":"https:\/\/bretzelandfun.com\/index.php\/mentions-legales\/","og_locale":"en_US","og_type":"article","og_title":"mentions l\u00e9gales - bretzelandfun","og_description":"MENTIONS LEGALES : Conform\u00e9ment aux dispositions des Articles 6-III et 19 de la Loi n\u00b02004-575 du 21 juin 2004 pour la Confiance dans l\u2019\u00e9conomie num\u00e9rique, dite L.C.E.N., il est port\u00e9 \u00e0 la connaissance des utilisateurs et visiteurs, ci-apr\u00e8s l&#8221;&#8221;Utilisateur&#8220;, du site www.bretzelandfun.com , ci-apr\u00e8s le &#8220;Site&#8220;, les pr\u00e9sentes mentions l\u00e9gales. La connexion et la navigation [&hellip;]","og_url":"https:\/\/bretzelandfun.com\/index.php\/mentions-legales\/","og_site_name":"bretzelandfun","article_modified_time":"2023-06-27T13:13:27+00:00","twitter_card":"summary_large_image","twitter_misc":{"Est. reading time":"4 minutes"},"schema":{"@context":"https:\/\/schema.org","@graph":[{"@type":"WebPage","@id":"https:\/\/bretzelandfun.com\/index.php\/mentions-legales\/","url":"https:\/\/bretzelandfun.com\/index.php\/mentions-legales\/","name":"mentions l\u00e9gales - bretzelandfun","isPartOf":{"@id":"https:\/\/bretzelandfun.com\/#website"},"datePublished":"2023-06-21T14:06:58+00:00","dateModified":"2023-06-27T13:13:27+00:00","breadcrumb":{"@id":"https:\/\/bretzelandfun.com\/index.php\/mentions-legales\/#breadcrumb"},"inLanguage":"en-US","potentialAction":[{"@type":"ReadAction","target":["https:\/\/bretzelandfun.com\/index.php\/mentions-legales\/"]}]},{"@type":"BreadcrumbList","@id":"https:\/\/bretzelandfun.com\/index.php\/mentions-legales\/#breadcrumb","itemListElement":[{"@type":"ListItem","position":1,"name":"Accueil","item":"https:\/\/bretzelandfun.com\/"},{"@type":"ListItem","position":2,"name":"mentions l\u00e9gales"}]},{"@type":"WebSite","@id":"https:\/\/bretzelandfun.com\/#website","url":"https:\/\/bretzelandfun.com\/","name":"bretzelandfun","description":"Bretzel and Fun \/ Walking tours en Alsace !","publisher":{"@id":"https:\/\/bretzelandfun.com\/#organization"},"potentialAction":[{"@type":"SearchAction","target":{"@type":"EntryPoint","urlTemplate":"https:\/\/bretzelandfun.com\/?s={search_term_string}"},"query-input":"required name=search_term_string"}],"inLanguage":"en-US"},{"@type":"Organization","@id":"https:\/\/bretzelandfun.com\/#organization","name":"bretzelandfun","url":"https:\/\/bretzelandfun.com\/","logo":{"@type":"ImageObject","inLanguage":"en-US","@id":"https:\/\/bretzelandfun.com\/#\/schema\/logo\/image\/","url":"https:\/\/bretzelandfun.com\/wp-content\/uploads\/2023\/05\/BRETZELFUN-WALKING-TOURS.png","contentUrl":"https:\/\/bretzelandfun.com\/wp-content\/uploads\/2023\/05\/BRETZELFUN-WALKING-TOURS.png","width":500,"height":200,"caption":"bretzelandfun"},"image":{"@id":"https:\/\/bretzelandfun.com\/#\/schema\/logo\/image\/"}}]}},"_links":{"self":[{"href":"https:\/\/bretzelandfun.com\/index.php\/wp-json\/wp\/v2\/pages\/2273","targetHints":{"allow":["GET"]}}],"collection":[{"href":"https:\/\/bretzelandfun.com\/index.php\/wp-json\/wp\/v2\/pages"}],"about":[{"href":"https:\/\/bretzelandfun.com\/index.php\/wp-json\/wp\/v2\/types\/page"}],"author":[{"embeddable":true,"href":"https:\/\/bretzelandfun.com\/index.php\/wp-json\/wp\/v2\/users\/1"}],"replies":[{"embeddable":true,"href":"https:\/\/bretzelandfun.com\/index.php\/wp-json\/wp\/v2\/comments?post=2273"}],"version-history":[{"count":21,"href":"https:\/\/bretzelandfun.com\/index.php\/wp-json\/wp\/v2\/pages\/2273\/revisions"}],"predecessor-version":[{"id":2495,"href":"https:\/\/bretzelandfun.com\/index.php\/wp-json\/wp\/v2\/pages\/2273\/revisions\/2495"}],"wp:attachment":[{"href":"https:\/\/bretzelandfun.com\/index.php\/wp-json\/wp\/v2\/media?parent=2273"}],"curies":[{"name":"wp","href":"https:\/\/api.w.org\/{rel}","templated":true}]}}