{"id":141,"date":"2023-05-24T14:16:49","date_gmt":"2023-05-24T12:16:49","guid":{"rendered":"https:\/\/bretzelandfun.com\/?page_id=141"},"modified":"2026-03-30T17:41:10","modified_gmt":"2026-03-30T15:41:10","slug":"visites-guidees-marche-de-noel-alsace","status":"publish","type":"page","link":"https:\/\/bretzelandfun.com\/index.php\/visites-guidees-marche-de-noel-alsace\/","title":{"rendered":"NOEL TIME !"},"content":{"rendered":"\t\t<div data-elementor-type=\"wp-page\" data-elementor-id=\"141\" class=\"elementor elementor-141\">\n\t\t\t\t\t\t\t\t\t<section class=\"elementor-section elementor-top-section elementor-element elementor-element-1ea770f elementor-section-height-full elementor-section-boxed elementor-section-height-default elementor-section-items-middle\" data-id=\"1ea770f\" data-element_type=\"section\" data-settings=\"{&quot;background_background&quot;:&quot;video&quot;,&quot;background_video_link&quot;:&quot;https:\\\/\\\/youtu.be\\\/lJGacEe8Mg8&quot;}\">\n\t\t\t\t\t\t\t\t<div class=\"elementor-background-video-container elementor-hidden-phone\">\n\t\t\t\t\t\t\t\t\t\t\t\t\t<div class=\"elementor-background-video-embed\"><\/div>\n\t\t\t\t\t\t\t\t\t\t\t\t<\/div>\n\t\t\t\t\t\t\t\t<div class=\"elementor-container elementor-column-gap-default\">\n\t\t\t\t\t<div class=\"elementor-column elementor-col-100 elementor-top-column elementor-element elementor-element-dd937c6\" data-id=\"dd937c6\" data-element_type=\"column\">\n\t\t\t<div class=\"elementor-widget-wrap\">\n\t\t\t\t\t\t\t\t\t<\/div>\n\t\t<\/div>\n\t\t\t\t\t\t\t<\/div>\n\t\t<\/section>\n\t\t\t\t<section class=\"elementor-section elementor-top-section elementor-element elementor-element-9f8560e elementor-section-boxed elementor-section-height-default elementor-section-height-default\" data-id=\"9f8560e\" data-element_type=\"section\">\n\t\t\t\t\t\t<div class=\"elementor-container elementor-column-gap-default\">\n\t\t\t\t\t<div class=\"elementor-column elementor-col-50 elementor-top-column elementor-element elementor-element-b72db98\" data-id=\"b72db98\" data-element_type=\"column\">\n\t\t\t<div class=\"elementor-widget-wrap elementor-element-populated\">\n\t\t\t\t\t\t\t\t<div class=\"elementor-element elementor-element-e842b1e elementor-widget elementor-widget-heading\" data-id=\"e842b1e\" data-element_type=\"widget\" data-widget_type=\"heading.default\">\n\t\t\t\t<div class=\"elementor-widget-container\">\n\t\t\t<style>\/*! elementor - v3.13.3 - 22-05-2023 *\/\n.elementor-heading-title{padding:0;margin:0;line-height:1}.elementor-widget-heading .elementor-heading-title[class*=elementor-size-]>a{color:inherit;font-size:inherit;line-height:inherit}.elementor-widget-heading .elementor-heading-title.elementor-size-small{font-size:15px}.elementor-widget-heading .elementor-heading-title.elementor-size-medium{font-size:19px}.elementor-widget-heading .elementor-heading-title.elementor-size-large{font-size:29px}.elementor-widget-heading .elementor-heading-title.elementor-size-xl{font-size:39px}.elementor-widget-heading .elementor-heading-title.elementor-size-xxl{font-size:59px}<\/style><h1 class=\"elementor-heading-title elementor-size-default\">VISITES GUIDEES DES MARCHES DE NOEL EN ALSACE<\/h1>\t\t<\/div>\n\t\t\t\t<\/div>\n\t\t\t\t<div class=\"elementor-element elementor-element-b4310f4 elementor-widget elementor-widget-image\" data-id=\"b4310f4\" data-element_type=\"widget\" data-widget_type=\"image.default\">\n\t\t\t\t<div class=\"elementor-widget-container\">\n\t\t\t<style>\/*! elementor - v3.13.3 - 22-05-2023 *\/\n.elementor-widget-image{text-align:center}.elementor-widget-image a{display:inline-block}.elementor-widget-image a img[src$=\".svg\"]{width:48px}.elementor-widget-image img{vertical-align:middle;display:inline-block}<\/style>\t\t\t\t\t\t\t\t\t\t\t\t<img loading=\"lazy\" decoding=\"async\" width=\"580\" height=\"387\" src=\"https:\/\/bretzelandfun.com\/wp-content\/uploads\/2025\/06\/20231124200825_IMG_9511-1024x683.jpg\" class=\"attachment-large size-large wp-image-4903\" alt=\"\" srcset=\"https:\/\/bretzelandfun.com\/wp-content\/uploads\/2025\/06\/20231124200825_IMG_9511-1024x683.jpg 1024w, https:\/\/bretzelandfun.com\/wp-content\/uploads\/2025\/06\/20231124200825_IMG_9511-300x200.jpg 300w, https:\/\/bretzelandfun.com\/wp-content\/uploads\/2025\/06\/20231124200825_IMG_9511-768x512.jpg 768w, https:\/\/bretzelandfun.com\/wp-content\/uploads\/2025\/06\/20231124200825_IMG_9511-1536x1024.jpg 1536w, https:\/\/bretzelandfun.com\/wp-content\/uploads\/2025\/06\/20231124200825_IMG_9511-2048x1365.jpg 2048w, https:\/\/bretzelandfun.com\/wp-content\/uploads\/2025\/06\/20231124200825_IMG_9511-1200x800.jpg 1200w, https:\/\/bretzelandfun.com\/wp-content\/uploads\/2025\/06\/20231124200825_IMG_9511-1980x1320.jpg 1980w\" sizes=\"auto, (max-width: 580px) 100vw, 580px\" \/>\t\t\t\t\t\t\t\t\t\t\t\t\t\t\t<\/div>\n\t\t\t\t<\/div>\n\t\t\t\t<div class=\"elementor-element elementor-element-7501555 elementor-widget elementor-widget-heading\" data-id=\"7501555\" data-element_type=\"widget\" data-widget_type=\"heading.default\">\n\t\t\t\t<div class=\"elementor-widget-container\">\n\t\t\t<h2 class=\"elementor-heading-title elementor-size-default\">Des visites guid\u00e9es f\u00e9\u00e9riques des march\u00e9s de Noel en Alsace !<\/h2>\t\t<\/div>\n\t\t\t\t<\/div>\n\t\t\t\t<div class=\"elementor-element elementor-element-f06b347 elementor-widget__width-initial elementor-widget elementor-widget-text-editor\" data-id=\"f06b347\" data-element_type=\"widget\" data-widget_type=\"text-editor.default\">\n\t\t\t\t<div class=\"elementor-widget-container\">\n\t\t\t<style>\/*! elementor - v3.13.3 - 22-05-2023 *\/\n.elementor-widget-text-editor.elementor-drop-cap-view-stacked .elementor-drop-cap{background-color:#69727d;color:#fff}.elementor-widget-text-editor.elementor-drop-cap-view-framed .elementor-drop-cap{color:#69727d;border:3px solid;background-color:transparent}.elementor-widget-text-editor:not(.elementor-drop-cap-view-default) .elementor-drop-cap{margin-top:8px}.elementor-widget-text-editor:not(.elementor-drop-cap-view-default) .elementor-drop-cap-letter{width:1em;height:1em}.elementor-widget-text-editor .elementor-drop-cap{float:left;text-align:center;line-height:1;font-size:50px}.elementor-widget-text-editor .elementor-drop-cap-letter{display:inline-block}<\/style>\t\t\t\t<p><span style=\"font-size: inherit; text-align: inherit; background-color: rgba(212, 209, 228, 0); letter-spacing: -0.015em;\">La p\u00e9riode de No\u00ebl est le plus beau moment de l&#8217;ann\u00e9e en Alsace ! Les villes se d\u00e9corent, les lumi\u00e8re s&#8217;allument \u00e0 la tomb\u00e9e de la nuit et les effluves de vin chaud, de cannelle, des bonnes odeurs de biscuit se propagent dans les centres historiques.\u00a0<\/span><\/p><p><span style=\"font-size: inherit; text-align: inherit; letter-spacing: -0.015em;\">Je vous propose l&#8217;exp\u00e9rience de No\u00ebl en petit groupe jusqu&#8217;\u00e0 6 personnes, ce sont des\u00a0<\/span><span style=\"font-size: inherit; text-align: inherit; letter-spacing: -0.015em;\">visites guid\u00e9es qui vont permettront d&#8217;\u00eatre en immersion totale dans la magie des march\u00e9s de Noel en Alsace !\u00a0<\/span><\/p><p><strong>L&#8217;objectif : vous garantir l&#8217;exp\u00e9rience authentique et agr\u00e9able.<\/strong><\/p><p>De plus, mes ann\u00e9es d&#8217;expertise (et de gourmandise) \u00e0 sillonner les stands vous permettront de boire l<span style=\"font-size: inherit; text-align: inherit; background-color: rgba(212, 209, 228, 0); letter-spacing: -0.015em;\">e meilleur vin chaud, de go\u00fbter \u00e0 de l&#8217;authentique nourriture locale, d&#8217;explorer des ruelles enchant\u00e9es et des p\u00e9pites cach\u00e9es.<\/span><\/p><p><span style=\"font-size: inherit; text-align: inherit; background-color: rgba(212, 209, 228, 0); letter-spacing: -0.015em;\">Voil\u00e0 le programme ! On se retrouve \u00e0 Strasbourg et \u00e0 Colmar, mais je peux \u00e9galement vous proposer des visites dans d&#8217;autres villes sur demande !<\/span><\/p><p><span style=\"text-align: inherit; background-color: rgba(212, 209, 228, 0);\"><span style=\"letter-spacing: -0.015em;\">Suis nos aventures sur <a href=\"https:\/\/www.instagram.com\/bretzelandfun\/\">Instagram<\/a><\/span><span style=\"letter-spacing: -0.015em;\">\u00a0!<\/span><\/span><\/p>\t\t\t\t\t\t<\/div>\n\t\t\t\t<\/div>\n\t\t\t\t\t<\/div>\n\t\t<\/div>\n\t\t\t\t<div class=\"elementor-column elementor-col-50 elementor-top-column elementor-element elementor-element-a4603aa\" data-id=\"a4603aa\" data-element_type=\"column\">\n\t\t\t<div class=\"elementor-widget-wrap elementor-element-populated\">\n\t\t\t\t\t\t\t\t<div class=\"elementor-element elementor-element-27b6942 elementor--h-position-center elementor--v-position-middle elementor-arrows-position-inside elementor-pagination-position-inside elementor-widget elementor-widget-slides\" data-id=\"27b6942\" data-element_type=\"widget\" data-settings=\"{&quot;navigation&quot;:&quot;both&quot;,&quot;autoplay&quot;:&quot;yes&quot;,&quot;pause_on_hover&quot;:&quot;yes&quot;,&quot;pause_on_interaction&quot;:&quot;yes&quot;,&quot;autoplay_speed&quot;:5000,&quot;infinite&quot;:&quot;yes&quot;,&quot;transition&quot;:&quot;slide&quot;,&quot;transition_speed&quot;:500}\" data-widget_type=\"slides.default\">\n\t\t\t\t<div class=\"elementor-widget-container\">\n\t\t\t<style>\/*! elementor-pro - v3.13.2 - 22-05-2023 *\/\n.elementor-slides .swiper-slide-bg{background-size:cover;background-position:50%;background-repeat:no-repeat;min-width:100%;min-height:100%}.elementor-slides .swiper-slide-inner{background-repeat:no-repeat;background-position:50%;position:absolute;top:0;left:0;bottom:0;right:0;padding:50px;margin:auto}.elementor-slides .swiper-slide-inner,.elementor-slides .swiper-slide-inner:hover{color:#fff;display:flex}.elementor-slides .swiper-slide-inner .elementor-background-overlay{position:absolute;z-index:0;top:0;bottom:0;left:0;right:0}.elementor-slides .swiper-slide-inner .elementor-slide-content{position:relative;z-index:1;width:100%}.elementor-slides .swiper-slide-inner .elementor-slide-heading{font-size:35px;font-weight:700;line-height:1}.elementor-slides .swiper-slide-inner .elementor-slide-description{font-size:17px;line-height:1.4}.elementor-slides .swiper-slide-inner .elementor-slide-description:not(:last-child),.elementor-slides .swiper-slide-inner .elementor-slide-heading:not(:last-child){margin-bottom:30px}.elementor-slides .swiper-slide-inner .elementor-slide-button{border:2px solid #fff;color:#fff;background:transparent;display:inline-block}.elementor-slides .swiper-slide-inner .elementor-slide-button,.elementor-slides .swiper-slide-inner .elementor-slide-button:hover{background:transparent;color:inherit;text-decoration:none}.elementor--v-position-top .swiper-slide-inner{align-items:flex-start}.elementor--v-position-bottom .swiper-slide-inner{align-items:flex-end}.elementor--v-position-middle .swiper-slide-inner{align-items:center}.elementor--h-position-left .swiper-slide-inner{justify-content:flex-start}.elementor--h-position-right .swiper-slide-inner{justify-content:flex-end}.elementor--h-position-center .swiper-slide-inner{justify-content:center}body.rtl .elementor-widget-slides .elementor-swiper-button-next{left:10px;right:auto}body.rtl .elementor-widget-slides .elementor-swiper-button-prev{right:10px;left:auto}.elementor-slides-wrapper div:not(.swiper-slide)>.swiper-slide-inner{display:none}@media (max-width:767px){.elementor-slides .swiper-slide-inner{padding:30px}.elementor-slides .swiper-slide-inner .elementor-slide-heading{font-size:23px;line-height:1;margin-bottom:15px}.elementor-slides .swiper-slide-inner .elementor-slide-description{font-size:13px;line-height:1.4;margin-bottom:15px}}<\/style>\t\t<div class=\"elementor-swiper\">\n\t\t\t<div class=\"elementor-slides-wrapper elementor-main-swiper swiper\" dir=\"ltr\" data-animation=\"fadeInUp\">\n\t\t\t\t<div class=\"swiper-wrapper elementor-slides\">\n\t\t\t\t\t\t\t\t\t\t<div class=\"elementor-repeater-item-12d1991 swiper-slide\"><div class=\"swiper-slide-bg\" role=\"img\"><\/div><div class=\"elementor-background-overlay\"><\/div><a class=\"swiper-slide-inner\" href=\"https:\/\/bretzelandfun.com\/index.php\/noel-by-night-strasbourg\/\"><div class=\"swiper-slide-contents\"><div class=\"elementor-slide-heading\">STRASBOURG BY NIGHT<\/div><div class=\"elementor-slide-description\">D\u00e9couvrez la Capitale de No\u00ebl \u00e0 la tomb\u00e9e de la nuit !<\/div><div  class=\"elementor-button elementor-slide-button elementor-size-sm\">CLIQUEZ ICI<\/div><\/div><\/a><\/div><div class=\"elementor-repeater-item-72b6128 swiper-slide\"><div class=\"swiper-slide-bg\" role=\"img\"><\/div><div class=\"elementor-background-overlay\"><\/div><a class=\"swiper-slide-inner\" href=\"https:\/\/bretzelandfun.com\/index.php\/strasbourg_best_stands\/\"><div class=\"swiper-slide-contents\"><div class=\"elementor-slide-heading\">LES MEILLEURS STANDS<\/div><div class=\"elementor-slide-description\">Les bons produits de No\u00ebl de chalet en chalet !<\/div><div  class=\"elementor-button elementor-slide-button elementor-size-sm\">CLIQUEZ ICI<\/div><\/div><\/a><\/div><div class=\"elementor-repeater-item-90b60fe swiper-slide\"><div class=\"swiper-slide-bg\" role=\"img\"><\/div><div class=\"elementor-background-overlay\"><\/div><a class=\"swiper-slide-inner\" href=\"https:\/\/bretzelandfun.com\/index.php\/marche-noel-colmar\/\"><div class=\"swiper-slide-contents\"><div class=\"elementor-slide-heading\">COLMAR<\/div><div class=\"elementor-slide-description\">La f\u00e9erie de No\u00ebl dans la Petite Venise d'Alsace !<\/div><div  class=\"elementor-button elementor-slide-button elementor-size-sm\">CLIQUEZ ICI<\/div><\/div><\/a><\/div>\t\t\t\t<\/div>\n\t\t\t\t\t\t\t\t\t\t\t\t\t\t\t<div class=\"swiper-pagination\"><\/div>\n\t\t\t\t\t\t\t\t\t\t\t\t\t\t\t\t<div class=\"elementor-swiper-button elementor-swiper-button-prev\" role=\"button\" tabindex=\"0\">\n\t\t\t\t\t\t\t<i aria-hidden=\"true\" class=\"eicon-chevron-left\"><\/i>\t\t\t\t\t\t\t<span class=\"elementor-screen-only\">Previous slide<\/span>\n\t\t\t\t\t\t<\/div>\n\t\t\t\t\t\t<div class=\"elementor-swiper-button elementor-swiper-button-next\" role=\"button\" tabindex=\"0\">\n\t\t\t\t\t\t\t<i aria-hidden=\"true\" class=\"eicon-chevron-right\"><\/i>\t\t\t\t\t\t\t<span class=\"elementor-screen-only\">Next slide<\/span>\n\t\t\t\t\t\t<\/div>\n\t\t\t\t\t\t\t\t\t\t\t\t<\/div>\n\t\t<\/div>\n\t\t\t\t<\/div>\n\t\t\t\t<\/div>\n\t\t\t\t\t<\/div>\n\t\t<\/div>\n\t\t\t\t\t\t\t<\/div>\n\t\t<\/section>\n\t\t\t\t\t\t\t<\/div>\n\t\t","protected":false},"excerpt":{"rendered":"<p>VISITES GUIDEES DES MARCHES DE NOEL EN ALSACE Des visites guid\u00e9es f\u00e9\u00e9riques des march\u00e9s de Noel en Alsace ! La p\u00e9riode de No\u00ebl est le plus beau moment de l&#8217;ann\u00e9e en Alsace ! Les villes se d\u00e9corent, les lumi\u00e8re s&#8217;allument \u00e0 la tomb\u00e9e de la nuit et les effluves de vin chaud, de cannelle, des [&hellip;]<\/p>\n","protected":false},"author":1,"featured_media":0,"parent":0,"menu_order":0,"comment_status":"closed","ping_status":"closed","template":"elementor_header_footer","meta":{"_monsterinsights_skip_tracking":false,"_monsterinsights_sitenote_active":false,"_monsterinsights_sitenote_note":"","_monsterinsights_sitenote_category":0,"footnotes":""},"class_list":["post-141","page","type-page","status-publish","hentry"],"yoast_head":"<!-- This site is optimized with the Yoast SEO plugin v20.8 - https:\/\/yoast.com\/wordpress\/plugins\/seo\/ -->\n<title>Visites guid\u00e9es des march\u00e9s de Noel en Alsace - Bretzel&amp;Fun<\/title>\n<meta name=\"description\" content=\"Avec Bretzel&amp;Fun, r\u00e9servez des visites guid\u00e9es en petit groupe en Alsace lors des march\u00e9s de Noel \u00e0 Strasbourg et \u00e0 Colmar\" \/>\n<meta name=\"robots\" content=\"index, follow, max-snippet:-1, max-image-preview:large, max-video-preview:-1\" \/>\n<link rel=\"canonical\" href=\"https:\/\/bretzelandfun.com\/index.php\/visites-guidees-marche-de-noel-alsace\/\" \/>\n<meta property=\"og:locale\" content=\"en_US\" \/>\n<meta property=\"og:type\" content=\"article\" \/>\n<meta property=\"og:title\" content=\"Visites guid\u00e9es des march\u00e9s de Noel en Alsace - Bretzel&amp;Fun\" \/>\n<meta property=\"og:description\" content=\"Avec Bretzel&amp;Fun, r\u00e9servez des visites guid\u00e9es en petit groupe en Alsace lors des march\u00e9s de Noel \u00e0 Strasbourg et \u00e0 Colmar\" \/>\n<meta property=\"og:url\" content=\"https:\/\/bretzelandfun.com\/index.php\/visites-guidees-marche-de-noel-alsace\/\" \/>\n<meta property=\"og:site_name\" content=\"bretzelandfun\" \/>\n<meta property=\"article:modified_time\" content=\"2026-03-30T15:41:10+00:00\" \/>\n<meta property=\"og:image\" content=\"https:\/\/bretzelandfun.com\/wp-content\/uploads\/2025\/06\/20231124200825_IMG_9511-1024x683.jpg\" \/>\n<meta name=\"twitter:card\" content=\"summary_large_image\" \/>\n<meta name=\"twitter:label1\" content=\"Est. reading time\" \/>\n\t<meta name=\"twitter:data1\" content=\"2 minutes\" \/>\n<script type=\"application\/ld+json\" class=\"yoast-schema-graph\">{\"@context\":\"https:\/\/schema.org\",\"@graph\":[{\"@type\":\"WebPage\",\"@id\":\"https:\/\/bretzelandfun.com\/index.php\/visites-guidees-marche-de-noel-alsace\/\",\"url\":\"https:\/\/bretzelandfun.com\/index.php\/visites-guidees-marche-de-noel-alsace\/\",\"name\":\"Visites guid\u00e9es des march\u00e9s de Noel en Alsace - Bretzel&Fun\",\"isPartOf\":{\"@id\":\"https:\/\/bretzelandfun.com\/#website\"},\"datePublished\":\"2023-05-24T12:16:49+00:00\",\"dateModified\":\"2026-03-30T15:41:10+00:00\",\"description\":\"Avec Bretzel&Fun, r\u00e9servez des visites guid\u00e9es en petit groupe en Alsace lors des march\u00e9s de Noel \u00e0 Strasbourg et \u00e0 Colmar\",\"breadcrumb\":{\"@id\":\"https:\/\/bretzelandfun.com\/index.php\/visites-guidees-marche-de-noel-alsace\/#breadcrumb\"},\"inLanguage\":\"en-US\",\"potentialAction\":[{\"@type\":\"ReadAction\",\"target\":[\"https:\/\/bretzelandfun.com\/index.php\/visites-guidees-marche-de-noel-alsace\/\"]}]},{\"@type\":\"BreadcrumbList\",\"@id\":\"https:\/\/bretzelandfun.com\/index.php\/visites-guidees-marche-de-noel-alsace\/#breadcrumb\",\"itemListElement\":[{\"@type\":\"ListItem\",\"position\":1,\"name\":\"Accueil\",\"item\":\"https:\/\/bretzelandfun.com\/\"},{\"@type\":\"ListItem\",\"position\":2,\"name\":\"NOEL TIME !\"}]},{\"@type\":\"WebSite\",\"@id\":\"https:\/\/bretzelandfun.com\/#website\",\"url\":\"https:\/\/bretzelandfun.com\/\",\"name\":\"bretzelandfun\",\"description\":\"Bretzel and Fun \/ Walking tours en Alsace !\",\"publisher\":{\"@id\":\"https:\/\/bretzelandfun.com\/#organization\"},\"potentialAction\":[{\"@type\":\"SearchAction\",\"target\":{\"@type\":\"EntryPoint\",\"urlTemplate\":\"https:\/\/bretzelandfun.com\/?s={search_term_string}\"},\"query-input\":\"required name=search_term_string\"}],\"inLanguage\":\"en-US\"},{\"@type\":\"Organization\",\"@id\":\"https:\/\/bretzelandfun.com\/#organization\",\"name\":\"bretzelandfun\",\"url\":\"https:\/\/bretzelandfun.com\/\",\"logo\":{\"@type\":\"ImageObject\",\"inLanguage\":\"en-US\",\"@id\":\"https:\/\/bretzelandfun.com\/#\/schema\/logo\/image\/\",\"url\":\"https:\/\/bretzelandfun.com\/wp-content\/uploads\/2023\/05\/BRETZELFUN-WALKING-TOURS.png\",\"contentUrl\":\"https:\/\/bretzelandfun.com\/wp-content\/uploads\/2023\/05\/BRETZELFUN-WALKING-TOURS.png\",\"width\":500,\"height\":200,\"caption\":\"bretzelandfun\"},\"image\":{\"@id\":\"https:\/\/bretzelandfun.com\/#\/schema\/logo\/image\/\"}}]}<\/script>\n<!-- \/ Yoast SEO plugin. -->","yoast_head_json":{"title":"Visites guid\u00e9es des march\u00e9s de Noel en Alsace - Bretzel&Fun","description":"Avec Bretzel&Fun, r\u00e9servez des visites guid\u00e9es en petit groupe en Alsace lors des march\u00e9s de Noel \u00e0 Strasbourg et \u00e0 Colmar","robots":{"index":"index","follow":"follow","max-snippet":"max-snippet:-1","max-image-preview":"max-image-preview:large","max-video-preview":"max-video-preview:-1"},"canonical":"https:\/\/bretzelandfun.com\/index.php\/visites-guidees-marche-de-noel-alsace\/","og_locale":"en_US","og_type":"article","og_title":"Visites guid\u00e9es des march\u00e9s de Noel en Alsace - Bretzel&Fun","og_description":"Avec Bretzel&Fun, r\u00e9servez des visites guid\u00e9es en petit groupe en Alsace lors des march\u00e9s de Noel \u00e0 Strasbourg et \u00e0 Colmar","og_url":"https:\/\/bretzelandfun.com\/index.php\/visites-guidees-marche-de-noel-alsace\/","og_site_name":"bretzelandfun","article_modified_time":"2026-03-30T15:41:10+00:00","og_image":[{"url":"https:\/\/bretzelandfun.com\/wp-content\/uploads\/2025\/06\/20231124200825_IMG_9511-1024x683.jpg"}],"twitter_card":"summary_large_image","twitter_misc":{"Est. reading time":"2 minutes"},"schema":{"@context":"https:\/\/schema.org","@graph":[{"@type":"WebPage","@id":"https:\/\/bretzelandfun.com\/index.php\/visites-guidees-marche-de-noel-alsace\/","url":"https:\/\/bretzelandfun.com\/index.php\/visites-guidees-marche-de-noel-alsace\/","name":"Visites guid\u00e9es des march\u00e9s de Noel en Alsace - Bretzel&Fun","isPartOf":{"@id":"https:\/\/bretzelandfun.com\/#website"},"datePublished":"2023-05-24T12:16:49+00:00","dateModified":"2026-03-30T15:41:10+00:00","description":"Avec Bretzel&Fun, r\u00e9servez des visites guid\u00e9es en petit groupe en Alsace lors des march\u00e9s de Noel \u00e0 Strasbourg et \u00e0 Colmar","breadcrumb":{"@id":"https:\/\/bretzelandfun.com\/index.php\/visites-guidees-marche-de-noel-alsace\/#breadcrumb"},"inLanguage":"en-US","potentialAction":[{"@type":"ReadAction","target":["https:\/\/bretzelandfun.com\/index.php\/visites-guidees-marche-de-noel-alsace\/"]}]},{"@type":"BreadcrumbList","@id":"https:\/\/bretzelandfun.com\/index.php\/visites-guidees-marche-de-noel-alsace\/#breadcrumb","itemListElement":[{"@type":"ListItem","position":1,"name":"Accueil","item":"https:\/\/bretzelandfun.com\/"},{"@type":"ListItem","position":2,"name":"NOEL TIME !"}]},{"@type":"WebSite","@id":"https:\/\/bretzelandfun.com\/#website","url":"https:\/\/bretzelandfun.com\/","name":"bretzelandfun","description":"Bretzel and Fun \/ Walking tours en Alsace !","publisher":{"@id":"https:\/\/bretzelandfun.com\/#organization"},"potentialAction":[{"@type":"SearchAction","target":{"@type":"EntryPoint","urlTemplate":"https:\/\/bretzelandfun.com\/?s={search_term_string}"},"query-input":"required name=search_term_string"}],"inLanguage":"en-US"},{"@type":"Organization","@id":"https:\/\/bretzelandfun.com\/#organization","name":"bretzelandfun","url":"https:\/\/bretzelandfun.com\/","logo":{"@type":"ImageObject","inLanguage":"en-US","@id":"https:\/\/bretzelandfun.com\/#\/schema\/logo\/image\/","url":"https:\/\/bretzelandfun.com\/wp-content\/uploads\/2023\/05\/BRETZELFUN-WALKING-TOURS.png","contentUrl":"https:\/\/bretzelandfun.com\/wp-content\/uploads\/2023\/05\/BRETZELFUN-WALKING-TOURS.png","width":500,"height":200,"caption":"bretzelandfun"},"image":{"@id":"https:\/\/bretzelandfun.com\/#\/schema\/logo\/image\/"}}]}},"_links":{"self":[{"href":"https:\/\/bretzelandfun.com\/index.php\/wp-json\/wp\/v2\/pages\/141","targetHints":{"allow":["GET"]}}],"collection":[{"href":"https:\/\/bretzelandfun.com\/index.php\/wp-json\/wp\/v2\/pages"}],"about":[{"href":"https:\/\/bretzelandfun.com\/index.php\/wp-json\/wp\/v2\/types\/page"}],"author":[{"embeddable":true,"href":"https:\/\/bretzelandfun.com\/index.php\/wp-json\/wp\/v2\/users\/1"}],"replies":[{"embeddable":true,"href":"https:\/\/bretzelandfun.com\/index.php\/wp-json\/wp\/v2\/comments?post=141"}],"version-history":[{"count":408,"href":"https:\/\/bretzelandfun.com\/index.php\/wp-json\/wp\/v2\/pages\/141\/revisions"}],"predecessor-version":[{"id":5430,"href":"https:\/\/bretzelandfun.com\/index.php\/wp-json\/wp\/v2\/pages\/141\/revisions\/5430"}],"wp:attachment":[{"href":"https:\/\/bretzelandfun.com\/index.php\/wp-json\/wp\/v2\/media?parent=141"}],"curies":[{"name":"wp","href":"https:\/\/api.w.org\/{rel}","templated":true}]}}