{"id":1391,"date":"2023-06-09T11:38:57","date_gmt":"2023-06-09T09:38:57","guid":{"rendered":"https:\/\/bretzelandfun.com\/?page_id=1391"},"modified":"2026-03-30T17:55:12","modified_gmt":"2026-03-30T15:55:12","slug":"noel-by-night-strasbourg","status":"publish","type":"page","link":"https:\/\/bretzelandfun.com\/index.php\/noel-by-night-strasbourg\/","title":{"rendered":"STRASBOURG BY NIGHT CHRISTMAS"},"content":{"rendered":"\t\t<div data-elementor-type=\"wp-page\" data-elementor-id=\"1391\" class=\"elementor elementor-1391\">\n\t\t\t\t\t\t\t\t\t<section class=\"elementor-section elementor-top-section elementor-element elementor-element-ea6b209 elementor-section-boxed elementor-section-height-default elementor-section-height-default\" data-id=\"ea6b209\" data-element_type=\"section\" data-settings=\"{&quot;background_background&quot;:&quot;classic&quot;}\">\n\t\t\t\t\t\t<div class=\"elementor-container elementor-column-gap-default\">\n\t\t\t\t\t<div class=\"elementor-column elementor-col-50 elementor-top-column elementor-element elementor-element-464f195\" data-id=\"464f195\" data-element_type=\"column\" data-settings=\"{&quot;background_background&quot;:&quot;classic&quot;}\">\n\t\t\t<div class=\"elementor-widget-wrap elementor-element-populated\">\n\t\t\t\t\t\t\t\t<div class=\"elementor-element elementor-element-189136f elementor-widget elementor-widget-button\" data-id=\"189136f\" data-element_type=\"widget\" data-widget_type=\"button.default\">\n\t\t\t\t<div class=\"elementor-widget-container\">\n\t\t\t\t\t<div class=\"elementor-button-wrapper\">\n\t\t\t<a href=\"https:\/\/bretzelandfun.com\/index.php\/visites-guidees-marche-de-noel-alsace\/\" class=\"elementor-button-link elementor-button elementor-size-sm\" role=\"button\">\n\t\t\t\t\t\t<span class=\"elementor-button-content-wrapper\">\n\t\t\t\t\t\t<span class=\"elementor-button-text\">Revenir aux exp\u00e9riences<\/span>\n\t\t<\/span>\n\t\t\t\t\t<\/a>\n\t\t<\/div>\n\t\t\t\t<\/div>\n\t\t\t\t<\/div>\n\t\t\t\t<div class=\"elementor-element elementor-element-48d5cac elementor-widget elementor-widget-heading\" data-id=\"48d5cac\" data-element_type=\"widget\" data-widget_type=\"heading.default\">\n\t\t\t\t<div class=\"elementor-widget-container\">\n\t\t\t<style>\/*! elementor - v3.13.3 - 22-05-2023 *\/\n.elementor-heading-title{padding:0;margin:0;line-height:1}.elementor-widget-heading .elementor-heading-title[class*=elementor-size-]>a{color:inherit;font-size:inherit;line-height:inherit}.elementor-widget-heading .elementor-heading-title.elementor-size-small{font-size:15px}.elementor-widget-heading .elementor-heading-title.elementor-size-medium{font-size:19px}.elementor-widget-heading .elementor-heading-title.elementor-size-large{font-size:29px}.elementor-widget-heading .elementor-heading-title.elementor-size-xl{font-size:39px}.elementor-widget-heading .elementor-heading-title.elementor-size-xxl{font-size:59px}<\/style><h1 class=\"elementor-heading-title elementor-size-xl\">Le march\u00e9 de No\u00ebl de Strasbourg by night<\/h1>\t\t<\/div>\n\t\t\t\t<\/div>\n\t\t\t\t<div class=\"elementor-element elementor-element-1beb384 elementor-widget elementor-widget-heading\" data-id=\"1beb384\" data-element_type=\"widget\" data-widget_type=\"heading.default\">\n\t\t\t\t<div class=\"elementor-widget-container\">\n\t\t\t<h2 class=\"elementor-heading-title elementor-size-large\">La f\u00e9erie du march\u00e9 de No\u00ebl \u00e0 la tomb\u00e9e de la nuit !<\/h2>\t\t<\/div>\n\t\t\t\t<\/div>\n\t\t\t\t<div class=\"elementor-element elementor-element-50ea5bd elementor-widget elementor-widget-text-editor\" data-id=\"50ea5bd\" data-element_type=\"widget\" data-widget_type=\"text-editor.default\">\n\t\t\t\t<div class=\"elementor-widget-container\">\n\t\t\t<style>\/*! elementor - v3.13.3 - 22-05-2023 *\/\n.elementor-widget-text-editor.elementor-drop-cap-view-stacked .elementor-drop-cap{background-color:#69727d;color:#fff}.elementor-widget-text-editor.elementor-drop-cap-view-framed .elementor-drop-cap{color:#69727d;border:3px solid;background-color:transparent}.elementor-widget-text-editor:not(.elementor-drop-cap-view-default) .elementor-drop-cap{margin-top:8px}.elementor-widget-text-editor:not(.elementor-drop-cap-view-default) .elementor-drop-cap-letter{width:1em;height:1em}.elementor-widget-text-editor .elementor-drop-cap{float:left;text-align:center;line-height:1;font-size:50px}.elementor-widget-text-editor .elementor-drop-cap-letter{display:inline-block}<\/style>\t\t\t\t<p>D\u00e8s la tomb\u00e9e de la nuit, je vous emm\u00e8ne d\u00e9couvrir le march\u00e9 de No\u00ebl de Strasbourg et ses illuminations.<\/p><p>La particularit\u00e9 de la p\u00e9riode de No\u00ebl \u00e0 Strasbourg est que tout le monde participe \u00e0 la d\u00e9coration et aux illuminations, que ce soit les commer\u00e7ants, les riverains ou les restaurants ! C&#8217;est cette participation commune qui rend la ville si magique au mois de d\u00e9cembre.<\/p><p>Vous allez d\u00e9couvrir les lieux phares du march\u00e9 de No\u00ebl comme la Place Kleber et son c\u00e9l\u00e8bre sapin mais \u00e9galement les endroits cach\u00e9s et insolites fr\u00e9quent\u00e9s par les locaux qui viennent se pr\u00e9server de la foule !<\/p><p>Le march\u00e9 ne s&#8217;\u00e9tend pas que sur un espace donn\u00e9, il est divis\u00e9 en plusieurs petits march\u00e9s r\u00e9partis dans la ville. C&#8217;est \u00e7a qui fait de Strasbourg la vraie capitale de No\u00ebl.\u00a0<span style=\"font-size: inherit; text-align: inherit; letter-spacing: -0.015em;\">Ce n&#8217;est pas un f\u00eate foraine, c&#8217;est un \u00e9v\u00e8nement populaire qui s&#8217;\u00e9tend sur toute la ville.\u00a0<\/span><\/p><p><span style=\"font-size: inherit; text-align: inherit; letter-spacing: -0.015em;\">On peut facilement s&#8217;y perdre !<\/span><\/p><p><strong>Nous nous arr\u00eaterons boire l&#8217;un des meilleurs vins chaud* <\/strong>pour finir cette visite magique.<\/p><p>Dur\u00e9e : 2 heures.<\/p><p>Tarif : <b>4<\/b><strong>5\u20ac\/personne. <\/strong>Groupe de 1 \u00e0 6 personnes.<\/p><p><em style=\"font-size: 18px; text-align: justify; letter-spacing: -0.27px;\">*l&#8217;abus d&#8217;alcool est dangereux pour la sant\u00e9.<\/em><\/p><p><strong>Ce prix comprend :\u00a0<\/strong><\/p><p>-L&#8217;accompagnement, l&#8217;expertise et le guidage pendant la dur\u00e9e de l&#8217;exp\u00e9rience.<\/p><p>-D\u00e9gustation d&#8217;un vin chaud alsacien.<\/p><p>Pour les r\u00e9servations, vous pouvez m&#8217;\u00e9crire par <a href=\"https:\/\/wa.me\/33777918865\">Whatsapp<\/a> ou m&#8217;envoyer une requ\u00eate <a href=\"mailto:contact@bretzelandfun.com\">ici<\/a>.\u00a0<\/p>\t\t\t\t\t\t<\/div>\n\t\t\t\t<\/div>\n\t\t\t\t<div class=\"elementor-element elementor-element-5e5583b elementor-widget elementor-widget-heading\" data-id=\"5e5583b\" data-element_type=\"widget\" data-widget_type=\"heading.default\">\n\t\t\t\t<div class=\"elementor-widget-container\">\n\t\t\t<h2 class=\"elementor-heading-title elementor-size-default\">R\u00e9servez en cliquant ci-dessous :<\/h2>\t\t<\/div>\n\t\t\t\t<\/div>\n\t\t\t\t<div class=\"elementor-element elementor-element-56907b7 elementor-widget elementor-widget-html\" data-id=\"56907b7\" data-element_type=\"widget\" data-widget_type=\"html.default\">\n\t\t\t\t<div class=\"elementor-widget-container\">\n\t\t\t<a href=\"https:\/\/www.getyourguide.com\/strasbourg-l293\/strasbourg-christmas-market-by-night-with-a-mulled-wine-t486582\/\"><div style=\"position: relative; width: fit-content\"><img decoding=\"async\" src=\"https:\/\/gyg.me\/pQw3KK9K\" width=\"160px\" height=\"auto\" style=\"border: 1px solid #c6c8d0\" alt=\"GetYourGuide | Strasbourg: Christmas Market by Night with Mulled Wine\"\/><p style=\"position: absolute; font-size: 0.5rem; font-weight: 500; color: #000000; font-family: Arial, sans-serif; z-index: 999; margin: 0 auto; right: 0.2rem; top: 0.2rem; width: 60%; \">Strasbourg: Christmas Market by Night with Mulled Wine<\/p><\/div><\/a>\t\t<\/div>\n\t\t\t\t<\/div>\n\t\t\t\t<div class=\"elementor-element elementor-element-9736485 elementor-shape-circle e-grid-align-left elementor-grid-0 elementor-widget elementor-widget-social-icons\" data-id=\"9736485\" data-element_type=\"widget\" data-widget_type=\"social-icons.default\">\n\t\t\t\t<div class=\"elementor-widget-container\">\n\t\t\t<style>\/*! elementor - v3.13.3 - 22-05-2023 *\/\n.elementor-widget-social-icons.elementor-grid-0 .elementor-widget-container,.elementor-widget-social-icons.elementor-grid-mobile-0 .elementor-widget-container,.elementor-widget-social-icons.elementor-grid-tablet-0 .elementor-widget-container{line-height:1;font-size:0}.elementor-widget-social-icons:not(.elementor-grid-0):not(.elementor-grid-tablet-0):not(.elementor-grid-mobile-0) .elementor-grid{display:inline-grid}.elementor-widget-social-icons .elementor-grid{grid-column-gap:var(--grid-column-gap,5px);grid-row-gap:var(--grid-row-gap,5px);grid-template-columns:var(--grid-template-columns);justify-content:var(--justify-content,center);justify-items:var(--justify-content,center)}.elementor-icon.elementor-social-icon{font-size:var(--icon-size,25px);line-height:var(--icon-size,25px);width:calc(var(--icon-size, 25px) + (2 * var(--icon-padding, .5em)));height:calc(var(--icon-size, 25px) + (2 * var(--icon-padding, .5em)))}.elementor-social-icon{--e-social-icon-icon-color:#fff;display:inline-flex;background-color:#69727d;align-items:center;justify-content:center;text-align:center;cursor:pointer}.elementor-social-icon i{color:var(--e-social-icon-icon-color)}.elementor-social-icon svg{fill:var(--e-social-icon-icon-color)}.elementor-social-icon:last-child{margin:0}.elementor-social-icon:hover{opacity:.9;color:#fff}.elementor-social-icon-android{background-color:#a4c639}.elementor-social-icon-apple{background-color:#999}.elementor-social-icon-behance{background-color:#1769ff}.elementor-social-icon-bitbucket{background-color:#205081}.elementor-social-icon-codepen{background-color:#000}.elementor-social-icon-delicious{background-color:#39f}.elementor-social-icon-deviantart{background-color:#05cc47}.elementor-social-icon-digg{background-color:#005be2}.elementor-social-icon-dribbble{background-color:#ea4c89}.elementor-social-icon-elementor{background-color:#d30c5c}.elementor-social-icon-envelope{background-color:#ea4335}.elementor-social-icon-facebook,.elementor-social-icon-facebook-f{background-color:#3b5998}.elementor-social-icon-flickr{background-color:#0063dc}.elementor-social-icon-foursquare{background-color:#2d5be3}.elementor-social-icon-free-code-camp,.elementor-social-icon-freecodecamp{background-color:#006400}.elementor-social-icon-github{background-color:#333}.elementor-social-icon-gitlab{background-color:#e24329}.elementor-social-icon-globe{background-color:#69727d}.elementor-social-icon-google-plus,.elementor-social-icon-google-plus-g{background-color:#dd4b39}.elementor-social-icon-houzz{background-color:#7ac142}.elementor-social-icon-instagram{background-color:#262626}.elementor-social-icon-jsfiddle{background-color:#487aa2}.elementor-social-icon-link{background-color:#818a91}.elementor-social-icon-linkedin,.elementor-social-icon-linkedin-in{background-color:#0077b5}.elementor-social-icon-medium{background-color:#00ab6b}.elementor-social-icon-meetup{background-color:#ec1c40}.elementor-social-icon-mixcloud{background-color:#273a4b}.elementor-social-icon-odnoklassniki{background-color:#f4731c}.elementor-social-icon-pinterest{background-color:#bd081c}.elementor-social-icon-product-hunt{background-color:#da552f}.elementor-social-icon-reddit{background-color:#ff4500}.elementor-social-icon-rss{background-color:#f26522}.elementor-social-icon-shopping-cart{background-color:#4caf50}.elementor-social-icon-skype{background-color:#00aff0}.elementor-social-icon-slideshare{background-color:#0077b5}.elementor-social-icon-snapchat{background-color:#fffc00}.elementor-social-icon-soundcloud{background-color:#f80}.elementor-social-icon-spotify{background-color:#2ebd59}.elementor-social-icon-stack-overflow{background-color:#fe7a15}.elementor-social-icon-steam{background-color:#00adee}.elementor-social-icon-stumbleupon{background-color:#eb4924}.elementor-social-icon-telegram{background-color:#2ca5e0}.elementor-social-icon-thumb-tack{background-color:#1aa1d8}.elementor-social-icon-tripadvisor{background-color:#589442}.elementor-social-icon-tumblr{background-color:#35465c}.elementor-social-icon-twitch{background-color:#6441a5}.elementor-social-icon-twitter{background-color:#1da1f2}.elementor-social-icon-viber{background-color:#665cac}.elementor-social-icon-vimeo{background-color:#1ab7ea}.elementor-social-icon-vk{background-color:#45668e}.elementor-social-icon-weibo{background-color:#dd2430}.elementor-social-icon-weixin{background-color:#31a918}.elementor-social-icon-whatsapp{background-color:#25d366}.elementor-social-icon-wordpress{background-color:#21759b}.elementor-social-icon-xing{background-color:#026466}.elementor-social-icon-yelp{background-color:#af0606}.elementor-social-icon-youtube{background-color:#cd201f}.elementor-social-icon-500px{background-color:#0099e5}.elementor-shape-rounded .elementor-icon.elementor-social-icon{border-radius:10%}.elementor-shape-circle .elementor-icon.elementor-social-icon{border-radius:50%}<\/style>\t\t<div class=\"elementor-social-icons-wrapper elementor-grid\">\n\t\t\t\t\t\t\t<span class=\"elementor-grid-item\">\n\t\t\t\t\t<a class=\"elementor-icon elementor-social-icon elementor-social-icon-whatsapp elementor-repeater-item-b8246f4\" href=\"https:\/\/wa.me\/33777918865\" target=\"_blank\">\n\t\t\t\t\t\t<span class=\"elementor-screen-only\">Whatsapp<\/span>\n\t\t\t\t\t\t<i class=\"fab fa-whatsapp\"><\/i>\t\t\t\t\t<\/a>\n\t\t\t\t<\/span>\n\t\t\t\t\t\t\t<span class=\"elementor-grid-item\">\n\t\t\t\t\t<a class=\"elementor-icon elementor-social-icon elementor-social-icon-envelope elementor-repeater-item-63a4c16\" href=\"mailto:contact@bretzelandfun.com\" target=\"_blank\">\n\t\t\t\t\t\t<span class=\"elementor-screen-only\">Envelope<\/span>\n\t\t\t\t\t\t<i class=\"fas fa-envelope\"><\/i>\t\t\t\t\t<\/a>\n\t\t\t\t<\/span>\n\t\t\t\t\t<\/div>\n\t\t\t\t<\/div>\n\t\t\t\t<\/div>\n\t\t\t\t\t<\/div>\n\t\t<\/div>\n\t\t\t\t<div class=\"elementor-column elementor-col-50 elementor-top-column elementor-element elementor-element-f221933\" data-id=\"f221933\" data-element_type=\"column\">\n\t\t\t<div class=\"elementor-widget-wrap elementor-element-populated\">\n\t\t\t\t\t\t\t\t<div class=\"elementor-element elementor-element-c8cc196 elementor-widget elementor-widget-video\" data-id=\"c8cc196\" data-element_type=\"widget\" data-settings=\"{&quot;video_type&quot;:&quot;vimeo&quot;,&quot;autoplay&quot;:&quot;yes&quot;,&quot;loop&quot;:&quot;yes&quot;,&quot;yt_privacy&quot;:&quot;yes&quot;}\" data-widget_type=\"video.default\">\n\t\t\t\t<div class=\"elementor-widget-container\">\n\t\t\t<style>\/*! elementor - v3.13.3 - 22-05-2023 *\/\n.elementor-widget-video .elementor-widget-container{overflow:hidden;transform:translateZ(0)}.elementor-widget-video .elementor-wrapper{aspect-ratio:var(--video-aspect-ratio)}.elementor-widget-video .elementor-wrapper iframe,.elementor-widget-video .elementor-wrapper video{height:100%;width:100%;display:flex;border:none;background-color:#000}@supports not (aspect-ratio:1\/1){.elementor-widget-video .elementor-wrapper{position:relative;overflow:hidden;height:0;padding-bottom:calc(100% \/ var(--video-aspect-ratio))}.elementor-widget-video .elementor-wrapper iframe,.elementor-widget-video .elementor-wrapper video{position:absolute;top:0;right:0;bottom:0;left:0}}.elementor-widget-video .elementor-open-inline .elementor-custom-embed-image-overlay{position:absolute;top:0;left:0;width:100%;height:100%;background-size:cover;background-position:50%}.elementor-widget-video .elementor-custom-embed-image-overlay{cursor:pointer;text-align:center}.elementor-widget-video .elementor-custom-embed-image-overlay:hover .elementor-custom-embed-play i{opacity:1}.elementor-widget-video .elementor-custom-embed-image-overlay img{display:block;width:100%}.elementor-widget-video .e-hosted-video .elementor-video{-o-object-fit:cover;object-fit:cover}.e-con-inner>.elementor-widget-video,.e-con>.elementor-widget-video{width:var(--container-widget-width);--flex-grow:var(--container-widget-flex-grow)}<\/style>\t\t<div class=\"elementor-wrapper elementor-open-inline\">\n\t\t\t<iframe class=\"elementor-video-iframe\" allowfullscreen title=\"vimeo Video Player\" src=\"https:\/\/player.vimeo.com\/video\/1178492040?autoplay=1&amp;color&amp;autopause=0&amp;dnt=true&amp;loop=1&amp;muted=0&amp;title=1&amp;portrait=1&amp;byline=1#t=\"><\/iframe>\t\t<\/div>\n\t\t\t\t<\/div>\n\t\t\t\t<\/div>\n\t\t\t\t\t<\/div>\n\t\t<\/div>\n\t\t\t\t\t\t\t<\/div>\n\t\t<\/section>\n\t\t\t\t\t\t\t<\/div>\n\t\t","protected":false},"excerpt":{"rendered":"<p>Revenir aux exp\u00e9riences Le march\u00e9 de No\u00ebl de Strasbourg by night La f\u00e9erie du march\u00e9 de No\u00ebl \u00e0 la tomb\u00e9e de la nuit ! D\u00e8s la tomb\u00e9e de la nuit, je vous emm\u00e8ne d\u00e9couvrir le march\u00e9 de No\u00ebl de Strasbourg et ses illuminations. La particularit\u00e9 de la p\u00e9riode de No\u00ebl \u00e0 Strasbourg est que tout [&hellip;]<\/p>\n","protected":false},"author":1,"featured_media":0,"parent":0,"menu_order":0,"comment_status":"closed","ping_status":"closed","template":"elementor_header_footer","meta":{"_monsterinsights_skip_tracking":false,"_monsterinsights_sitenote_active":false,"_monsterinsights_sitenote_note":"","_monsterinsights_sitenote_category":0,"footnotes":""},"class_list":["post-1391","page","type-page","status-publish","hentry"],"yoast_head":"<!-- This site is optimized with the Yoast SEO plugin v20.8 - https:\/\/yoast.com\/wordpress\/plugins\/seo\/ -->\n<title>Visite guid\u00e9e march\u00e9 de No\u00ebl de Strasbourg by night - Bretzel&amp;Fun<\/title>\n<meta name=\"description\" content=\"Visite guid\u00e9e du march\u00e9 de No\u00ebl de Strasbourg \u00e0 la tomb\u00e9e de la nuit. Arr\u00eat d\u00e9gustation vin chaud et magie de No\u00ebl.\" \/>\n<meta name=\"robots\" content=\"index, follow, max-snippet:-1, max-image-preview:large, max-video-preview:-1\" \/>\n<link rel=\"canonical\" href=\"https:\/\/bretzelandfun.com\/index.php\/noel-by-night-strasbourg\/\" \/>\n<meta property=\"og:locale\" content=\"en_US\" \/>\n<meta property=\"og:type\" content=\"article\" \/>\n<meta property=\"og:title\" content=\"Visite guid\u00e9e march\u00e9 de No\u00ebl de Strasbourg by night - Bretzel&amp;Fun\" \/>\n<meta property=\"og:description\" content=\"Visite guid\u00e9e du march\u00e9 de No\u00ebl de Strasbourg \u00e0 la tomb\u00e9e de la nuit. Arr\u00eat d\u00e9gustation vin chaud et magie de No\u00ebl.\" \/>\n<meta property=\"og:url\" content=\"https:\/\/bretzelandfun.com\/index.php\/noel-by-night-strasbourg\/\" \/>\n<meta property=\"og:site_name\" content=\"bretzelandfun\" \/>\n<meta property=\"article:modified_time\" content=\"2026-03-30T15:55:12+00:00\" \/>\n<meta property=\"og:image\" content=\"https:\/\/gyg.me\/pQw3KK9K\" \/>\n<meta name=\"twitter:card\" content=\"summary_large_image\" \/>\n<meta name=\"twitter:label1\" content=\"Est. reading time\" \/>\n\t<meta name=\"twitter:data1\" content=\"2 minutes\" \/>\n<script type=\"application\/ld+json\" class=\"yoast-schema-graph\">{\"@context\":\"https:\/\/schema.org\",\"@graph\":[{\"@type\":\"WebPage\",\"@id\":\"https:\/\/bretzelandfun.com\/index.php\/noel-by-night-strasbourg\/\",\"url\":\"https:\/\/bretzelandfun.com\/index.php\/noel-by-night-strasbourg\/\",\"name\":\"Visite guid\u00e9e march\u00e9 de No\u00ebl de Strasbourg by night - Bretzel&Fun\",\"isPartOf\":{\"@id\":\"https:\/\/bretzelandfun.com\/#website\"},\"datePublished\":\"2023-06-09T09:38:57+00:00\",\"dateModified\":\"2026-03-30T15:55:12+00:00\",\"description\":\"Visite guid\u00e9e du march\u00e9 de No\u00ebl de Strasbourg \u00e0 la tomb\u00e9e de la nuit. Arr\u00eat d\u00e9gustation vin chaud et magie de No\u00ebl.\",\"breadcrumb\":{\"@id\":\"https:\/\/bretzelandfun.com\/index.php\/noel-by-night-strasbourg\/#breadcrumb\"},\"inLanguage\":\"en-US\",\"potentialAction\":[{\"@type\":\"ReadAction\",\"target\":[\"https:\/\/bretzelandfun.com\/index.php\/noel-by-night-strasbourg\/\"]}]},{\"@type\":\"BreadcrumbList\",\"@id\":\"https:\/\/bretzelandfun.com\/index.php\/noel-by-night-strasbourg\/#breadcrumb\",\"itemListElement\":[{\"@type\":\"ListItem\",\"position\":1,\"name\":\"Accueil\",\"item\":\"https:\/\/bretzelandfun.com\/\"},{\"@type\":\"ListItem\",\"position\":2,\"name\":\"STRASBOURG BY NIGHT CHRISTMAS\"}]},{\"@type\":\"WebSite\",\"@id\":\"https:\/\/bretzelandfun.com\/#website\",\"url\":\"https:\/\/bretzelandfun.com\/\",\"name\":\"bretzelandfun\",\"description\":\"Bretzel and Fun \/ Walking tours en Alsace !\",\"publisher\":{\"@id\":\"https:\/\/bretzelandfun.com\/#organization\"},\"potentialAction\":[{\"@type\":\"SearchAction\",\"target\":{\"@type\":\"EntryPoint\",\"urlTemplate\":\"https:\/\/bretzelandfun.com\/?s={search_term_string}\"},\"query-input\":\"required name=search_term_string\"}],\"inLanguage\":\"en-US\"},{\"@type\":\"Organization\",\"@id\":\"https:\/\/bretzelandfun.com\/#organization\",\"name\":\"bretzelandfun\",\"url\":\"https:\/\/bretzelandfun.com\/\",\"logo\":{\"@type\":\"ImageObject\",\"inLanguage\":\"en-US\",\"@id\":\"https:\/\/bretzelandfun.com\/#\/schema\/logo\/image\/\",\"url\":\"https:\/\/bretzelandfun.com\/wp-content\/uploads\/2023\/05\/BRETZELFUN-WALKING-TOURS.png\",\"contentUrl\":\"https:\/\/bretzelandfun.com\/wp-content\/uploads\/2023\/05\/BRETZELFUN-WALKING-TOURS.png\",\"width\":500,\"height\":200,\"caption\":\"bretzelandfun\"},\"image\":{\"@id\":\"https:\/\/bretzelandfun.com\/#\/schema\/logo\/image\/\"}}]}<\/script>\n<!-- \/ Yoast SEO plugin. -->","yoast_head_json":{"title":"Visite guid\u00e9e march\u00e9 de No\u00ebl de Strasbourg by night - Bretzel&Fun","description":"Visite guid\u00e9e du march\u00e9 de No\u00ebl de Strasbourg \u00e0 la tomb\u00e9e de la nuit. Arr\u00eat d\u00e9gustation vin chaud et magie de No\u00ebl.","robots":{"index":"index","follow":"follow","max-snippet":"max-snippet:-1","max-image-preview":"max-image-preview:large","max-video-preview":"max-video-preview:-1"},"canonical":"https:\/\/bretzelandfun.com\/index.php\/noel-by-night-strasbourg\/","og_locale":"en_US","og_type":"article","og_title":"Visite guid\u00e9e march\u00e9 de No\u00ebl de Strasbourg by night - Bretzel&Fun","og_description":"Visite guid\u00e9e du march\u00e9 de No\u00ebl de Strasbourg \u00e0 la tomb\u00e9e de la nuit. Arr\u00eat d\u00e9gustation vin chaud et magie de No\u00ebl.","og_url":"https:\/\/bretzelandfun.com\/index.php\/noel-by-night-strasbourg\/","og_site_name":"bretzelandfun","article_modified_time":"2026-03-30T15:55:12+00:00","og_image":[{"url":"https:\/\/gyg.me\/pQw3KK9K"}],"twitter_card":"summary_large_image","twitter_misc":{"Est. reading time":"2 minutes"},"schema":{"@context":"https:\/\/schema.org","@graph":[{"@type":"WebPage","@id":"https:\/\/bretzelandfun.com\/index.php\/noel-by-night-strasbourg\/","url":"https:\/\/bretzelandfun.com\/index.php\/noel-by-night-strasbourg\/","name":"Visite guid\u00e9e march\u00e9 de No\u00ebl de Strasbourg by night - Bretzel&Fun","isPartOf":{"@id":"https:\/\/bretzelandfun.com\/#website"},"datePublished":"2023-06-09T09:38:57+00:00","dateModified":"2026-03-30T15:55:12+00:00","description":"Visite guid\u00e9e du march\u00e9 de No\u00ebl de Strasbourg \u00e0 la tomb\u00e9e de la nuit. Arr\u00eat d\u00e9gustation vin chaud et magie de No\u00ebl.","breadcrumb":{"@id":"https:\/\/bretzelandfun.com\/index.php\/noel-by-night-strasbourg\/#breadcrumb"},"inLanguage":"en-US","potentialAction":[{"@type":"ReadAction","target":["https:\/\/bretzelandfun.com\/index.php\/noel-by-night-strasbourg\/"]}]},{"@type":"BreadcrumbList","@id":"https:\/\/bretzelandfun.com\/index.php\/noel-by-night-strasbourg\/#breadcrumb","itemListElement":[{"@type":"ListItem","position":1,"name":"Accueil","item":"https:\/\/bretzelandfun.com\/"},{"@type":"ListItem","position":2,"name":"STRASBOURG BY NIGHT CHRISTMAS"}]},{"@type":"WebSite","@id":"https:\/\/bretzelandfun.com\/#website","url":"https:\/\/bretzelandfun.com\/","name":"bretzelandfun","description":"Bretzel and Fun \/ Walking tours en Alsace !","publisher":{"@id":"https:\/\/bretzelandfun.com\/#organization"},"potentialAction":[{"@type":"SearchAction","target":{"@type":"EntryPoint","urlTemplate":"https:\/\/bretzelandfun.com\/?s={search_term_string}"},"query-input":"required name=search_term_string"}],"inLanguage":"en-US"},{"@type":"Organization","@id":"https:\/\/bretzelandfun.com\/#organization","name":"bretzelandfun","url":"https:\/\/bretzelandfun.com\/","logo":{"@type":"ImageObject","inLanguage":"en-US","@id":"https:\/\/bretzelandfun.com\/#\/schema\/logo\/image\/","url":"https:\/\/bretzelandfun.com\/wp-content\/uploads\/2023\/05\/BRETZELFUN-WALKING-TOURS.png","contentUrl":"https:\/\/bretzelandfun.com\/wp-content\/uploads\/2023\/05\/BRETZELFUN-WALKING-TOURS.png","width":500,"height":200,"caption":"bretzelandfun"},"image":{"@id":"https:\/\/bretzelandfun.com\/#\/schema\/logo\/image\/"}}]}},"_links":{"self":[{"href":"https:\/\/bretzelandfun.com\/index.php\/wp-json\/wp\/v2\/pages\/1391","targetHints":{"allow":["GET"]}}],"collection":[{"href":"https:\/\/bretzelandfun.com\/index.php\/wp-json\/wp\/v2\/pages"}],"about":[{"href":"https:\/\/bretzelandfun.com\/index.php\/wp-json\/wp\/v2\/types\/page"}],"author":[{"embeddable":true,"href":"https:\/\/bretzelandfun.com\/index.php\/wp-json\/wp\/v2\/users\/1"}],"replies":[{"embeddable":true,"href":"https:\/\/bretzelandfun.com\/index.php\/wp-json\/wp\/v2\/comments?post=1391"}],"version-history":[{"count":98,"href":"https:\/\/bretzelandfun.com\/index.php\/wp-json\/wp\/v2\/pages\/1391\/revisions"}],"predecessor-version":[{"id":5439,"href":"https:\/\/bretzelandfun.com\/index.php\/wp-json\/wp\/v2\/pages\/1391\/revisions\/5439"}],"wp:attachment":[{"href":"https:\/\/bretzelandfun.com\/index.php\/wp-json\/wp\/v2\/media?parent=1391"}],"curies":[{"name":"wp","href":"https:\/\/api.w.org\/{rel}","templated":true}]}}